{"id":95,"date":"2020-08-14T18:47:57","date_gmt":"2020-08-14T21:47:57","guid":{"rendered":"http:\/\/beitia.com.ar\/?post_type=product&#038;p=95"},"modified":"2026-04-23T19:40:53","modified_gmt":"2026-04-23T22:40:53","slug":"bocatto-gatos","status":"publish","type":"product","link":"https:\/\/beitia.com.ar\/index.php\/producto\/bocatto-gatos\/","title":{"rendered":"Bocatto Gatos Pescado 10kg."},"content":{"rendered":"<p>&nbsp;<\/p>\n<style>\n  table {<br \/>\n    border-collapse: collapse;<br \/>\n    width: 50%;<br \/>\n    margin: auto;<br \/>\n    margin-top: 20px;<br \/>\n    text-align: left;<br \/>\n  }<\/p>\n<p>  th, td {<br \/>\n    padding: 8px;<br \/>\n    border-bottom: 1px solid #ddd;<br \/>\n  }<\/p>\n<p>  th {<br \/>\n    background-color: #f2f2f2;<br \/>\n  }<br \/>\n<\/style>\n<p>&nbsp;<\/p>\n<h2>Valor Nutricional &#8211; Bocatto Gatos<\/h2>\n<table>\n<tbody>\n<tr>\n<th>Nutriente<\/th>\n<th>Valor M\u00ednimo<\/th>\n<th>Valor M\u00e1ximo<\/th>\n<\/tr>\n<tr>\n<td>Prote\u00edna Bruta<\/td>\n<td>29%<\/td>\n<td>&#8211;<\/td>\n<\/tr>\n<tr>\n<td>Extracto Et\u00e9reo<\/td>\n<td>11%<\/td>\n<td>&#8211;<\/td>\n<\/tr>\n<tr>\n<td>Fibra Cruda<\/td>\n<td>&#8211;<\/td>\n<td>4%<\/td>\n<\/tr>\n<tr>\n<td>Minerales Totales<\/td>\n<td>&#8211;<\/td>\n<td>8%<\/td>\n<\/tr>\n<tr>\n<td>Calcio<\/td>\n<td>1.2%<\/td>\n<td>1.3%<\/td>\n<\/tr>\n<tr>\n<td>F\u00f3sforo<\/td>\n<td>0.9%<\/td>\n<td>1%<\/td>\n<\/tr>\n<tr>\n<td>Humedad<\/td>\n<td>&#8211;<\/td>\n<td>10%<\/td>\n<\/tr>\n<tr>\n<td>Energ\u00eda Metabolizable S\/M.S.<\/td>\n<td>3840 Kcal.\/kg<\/td>\n<td>&#8211;<\/td>\n<\/tr>\n<\/tbody>\n<\/table>\n<p>&nbsp;<\/p>\n","protected":false},"excerpt":{"rendered":"<div class=\"texto_ho_ali\">\n<div class=\"sub\">\n<h2>Alimento balanceado completo para gatos<br \/>\nSabor pescado<\/h2>\n<\/div>\n<div class=\"descripcion_larga\">\n<ul>\n<li>Calcio, f\u00f3sforo y oligoelementos estimulan un esqueleto fuerte.<\/li>\n<li>Los \u00e1cidos linoleico y araquid\u00f3nico ayudan a lograr pelo brillante y piel el\u00e1stica y saludable.<\/li>\n<li>Un acidificante y bajos niveles de magnesio ayudan a evitar el S\u00edndrome Urinario Felino.<\/li>\n<\/ul>\n<\/div>\n<\/div>\n","protected":false},"featured_media":886,"template":"","meta":{"site-sidebar-layout":"default","site-content-layout":"default","ast-site-content-layout":"default","site-content-style":"default","site-sidebar-style":"default","ast-global-header-display":"","ast-banner-title-visibility":"","ast-main-header-display":"","ast-hfb-above-header-display":"","ast-hfb-below-header-display":"","ast-hfb-mobile-header-display":"","site-post-title":"","ast-breadcrumbs-content":"","ast-featured-img":"","footer-sml-layout":"","ast-disable-related-posts":"","theme-transparent-header-meta":"default","adv-header-id-meta":"","stick-header-meta":"","header-above-stick-meta":"","header-main-stick-meta":"","header-below-stick-meta":"","astra-migrate-meta-layouts":"set","ast-page-background-enabled":"default","ast-page-background-meta":{"desktop":{"background-color":"","background-image":"","background-repeat":"repeat","background-position":"center center","background-size":"auto","background-attachment":"scroll","background-type":"","background-media":"","overlay-type":"","overlay-color":"","overlay-opacity":"","overlay-gradient":""},"tablet":{"background-color":"","background-image":"","background-repeat":"repeat","background-position":"center center","background-size":"auto","background-attachment":"scroll","background-type":"","background-media":"","overlay-type":"","overlay-color":"","overlay-opacity":"","overlay-gradient":""},"mobile":{"background-color":"","background-image":"","background-repeat":"repeat","background-position":"center center","background-size":"auto","background-attachment":"scroll","background-type":"","background-media":"","overlay-type":"","overlay-color":"","overlay-opacity":"","overlay-gradient":""}},"ast-content-background-meta":{"desktop":{"background-color":"var(--ast-global-color-5)","background-image":"","background-repeat":"repeat","background-position":"center center","background-size":"auto","background-attachment":"scroll","background-type":"","background-media":"","overlay-type":"","overlay-color":"","overlay-opacity":"","overlay-gradient":""},"tablet":{"background-color":"var(--ast-global-color-5)","background-image":"","background-repeat":"repeat","background-position":"center center","background-size":"auto","background-attachment":"scroll","background-type":"","background-media":"","overlay-type":"","overlay-color":"","overlay-opacity":"","overlay-gradient":""},"mobile":{"background-color":"var(--ast-global-color-5)","background-image":"","background-repeat":"repeat","background-position":"center center","background-size":"auto","background-attachment":"scroll","background-type":"","background-media":"","overlay-type":"","overlay-color":"","overlay-opacity":"","overlay-gradient":""}}},"product_brand":[],"product_cat":[17,19],"product_tag":[43,44],"class_list":{"0":"post-95","1":"product","2":"type-product","3":"status-publish","4":"has-post-thumbnail","6":"product_cat-alimentos","7":"product_cat-gatos","8":"product_tag-aliba","9":"product_tag-carrusel","10":"desktop-align-left","11":"tablet-align-left","12":"mobile-align-left","14":"first","15":"instock","16":"shipping-taxable","17":"purchasable","18":"product-type-simple"},"_links":{"self":[{"href":"https:\/\/beitia.com.ar\/index.php\/wp-json\/wp\/v2\/product\/95","targetHints":{"allow":["GET"]}}],"collection":[{"href":"https:\/\/beitia.com.ar\/index.php\/wp-json\/wp\/v2\/product"}],"about":[{"href":"https:\/\/beitia.com.ar\/index.php\/wp-json\/wp\/v2\/types\/product"}],"wp:featuredmedia":[{"embeddable":true,"href":"https:\/\/beitia.com.ar\/index.php\/wp-json\/wp\/v2\/media\/886"}],"wp:attachment":[{"href":"https:\/\/beitia.com.ar\/index.php\/wp-json\/wp\/v2\/media?parent=95"}],"wp:term":[{"taxonomy":"product_brand","embeddable":true,"href":"https:\/\/beitia.com.ar\/index.php\/wp-json\/wp\/v2\/product_brand?post=95"},{"taxonomy":"product_cat","embeddable":true,"href":"https:\/\/beitia.com.ar\/index.php\/wp-json\/wp\/v2\/product_cat?post=95"},{"taxonomy":"product_tag","embeddable":true,"href":"https:\/\/beitia.com.ar\/index.php\/wp-json\/wp\/v2\/product_tag?post=95"}],"curies":[{"name":"wp","href":"https:\/\/api.w.org\/{rel}","templated":true}]}}