{"id":942,"date":"2024-08-16T18:12:09","date_gmt":"2024-08-16T21:12:09","guid":{"rendered":"https:\/\/beitia.com.ar\/?post_type=product&#038;p=942"},"modified":"2024-08-16T18:12:09","modified_gmt":"2024-08-16T21:12:09","slug":"vermiculita","status":"publish","type":"product","link":"https:\/\/beitia.com.ar\/index.php\/producto\/vermiculita\/","title":{"rendered":"Vermiculita"},"content":{"rendered":"<p>Mejores condiciones f\u00edsicas y qu\u00edmicas del suelo.<br \/>\nPH neutro<br \/>\nAlto poder de absorci\u00f3n de agua.<br \/>\nGran retenci\u00f3n h\u00eddrica en tiempo caluroso,<br \/>\ndisminuci\u00f3n de la frecuencia de riego.<br \/>\nAbsoluta esterilidad, minimiza la posibilidad de<br \/>\nenfermedades por exceso de agua.<br \/>\nBrinda un medio para el mayor desarrollo de las<br \/>\nra\u00edces, facilita la remoci\u00f3n de las ra\u00edces y el<br \/>\ntransplante.<\/p>\n<p>Presentaciones:<br \/>\n2dm2, 5dm2, 10dm2 y 25dm2.<\/p>\n","protected":false},"excerpt":{"rendered":"<p>Mineral de la familia de las micas, compuesto<br \/>\npor silicatos de aluminio, magnesio y hierro.<br \/>\nSu estructura es laminar conteniendo algo de<br \/>\nagua.<br \/>\nAl elevar r\u00e1pidamente la temperatura de la<br \/>\nvermiculita se genera una expansi\u00f3n<br \/>\nconocida como exfoliaci\u00f3n, resultando un<br \/>\nproducto con reflejos met\u00e1licos, de color<br \/>\npardo, con baja densidad aparente y elevada<br \/>\nporosidad.<\/p>\n","protected":false},"featured_media":943,"template":"","meta":{"site-sidebar-layout":"default","site-content-layout":"","ast-site-content-layout":"default","site-content-style":"default","site-sidebar-style":"default","ast-global-header-display":"","ast-banner-title-visibility":"","ast-main-header-display":"","ast-hfb-above-header-display":"","ast-hfb-below-header-display":"","ast-hfb-mobile-header-display":"","site-post-title":"","ast-breadcrumbs-content":"","ast-featured-img":"","footer-sml-layout":"","ast-disable-related-posts":"","theme-transparent-header-meta":"default","adv-header-id-meta":"","stick-header-meta":"","header-above-stick-meta":"","header-main-stick-meta":"","header-below-stick-meta":"","astra-migrate-meta-layouts":"set","ast-page-background-enabled":"default","ast-page-background-meta":{"desktop":{"background-color":"","background-image":"","background-repeat":"repeat","background-position":"center center","background-size":"auto","background-attachment":"scroll","background-type":"","background-media":"","overlay-type":"","overlay-color":"","overlay-opacity":"","overlay-gradient":""},"tablet":{"background-color":"","background-image":"","background-repeat":"repeat","background-position":"center center","background-size":"auto","background-attachment":"scroll","background-type":"","background-media":"","overlay-type":"","overlay-color":"","overlay-opacity":"","overlay-gradient":""},"mobile":{"background-color":"","background-image":"","background-repeat":"repeat","background-position":"center center","background-size":"auto","background-attachment":"scroll","background-type":"","background-media":"","overlay-type":"","overlay-color":"","overlay-opacity":"","overlay-gradient":""}},"ast-content-background-meta":{"desktop":{"background-color":"var(--ast-global-color-5)","background-image":"","background-repeat":"repeat","background-position":"center center","background-size":"auto","background-attachment":"scroll","background-type":"","background-media":"","overlay-type":"","overlay-color":"","overlay-opacity":"","overlay-gradient":""},"tablet":{"background-color":"var(--ast-global-color-5)","background-image":"","background-repeat":"repeat","background-position":"center center","background-size":"auto","background-attachment":"scroll","background-type":"","background-media":"","overlay-type":"","overlay-color":"","overlay-opacity":"","overlay-gradient":""},"mobile":{"background-color":"var(--ast-global-color-5)","background-image":"","background-repeat":"repeat","background-position":"center center","background-size":"auto","background-attachment":"scroll","background-type":"","background-media":"","overlay-type":"","overlay-color":"","overlay-opacity":"","overlay-gradient":""}}},"product_brand":[],"product_cat":[39],"product_tag":[],"class_list":{"0":"post-942","1":"product","2":"type-product","3":"status-publish","4":"has-post-thumbnail","6":"product_cat-tierras","7":"desktop-align-left","8":"tablet-align-left","9":"mobile-align-left","11":"first","12":"instock","13":"shipping-taxable","14":"product-type-simple"},"_links":{"self":[{"href":"https:\/\/beitia.com.ar\/index.php\/wp-json\/wp\/v2\/product\/942","targetHints":{"allow":["GET"]}}],"collection":[{"href":"https:\/\/beitia.com.ar\/index.php\/wp-json\/wp\/v2\/product"}],"about":[{"href":"https:\/\/beitia.com.ar\/index.php\/wp-json\/wp\/v2\/types\/product"}],"wp:featuredmedia":[{"embeddable":true,"href":"https:\/\/beitia.com.ar\/index.php\/wp-json\/wp\/v2\/media\/943"}],"wp:attachment":[{"href":"https:\/\/beitia.com.ar\/index.php\/wp-json\/wp\/v2\/media?parent=942"}],"wp:term":[{"taxonomy":"product_brand","embeddable":true,"href":"https:\/\/beitia.com.ar\/index.php\/wp-json\/wp\/v2\/product_brand?post=942"},{"taxonomy":"product_cat","embeddable":true,"href":"https:\/\/beitia.com.ar\/index.php\/wp-json\/wp\/v2\/product_cat?post=942"},{"taxonomy":"product_tag","embeddable":true,"href":"https:\/\/beitia.com.ar\/index.php\/wp-json\/wp\/v2\/product_tag?post=942"}],"curies":[{"name":"wp","href":"https:\/\/api.w.org\/{rel}","templated":true}]}}