{"id":92,"date":"2020-08-14T21:42:29","date_gmt":"2020-08-14T21:42:29","guid":{"rendered":"http:\/\/beitia.com.ar\/?post_type=product&#038;p=92"},"modified":"2026-04-23T19:40:26","modified_gmt":"2026-04-23T22:40:26","slug":"bocatto-cachorros","status":"publish","type":"product","link":"https:\/\/beitia.com.ar\/index.php\/producto\/bocatto-cachorros\/","title":{"rendered":"Bocatto 10kg. Cachorros"},"content":{"rendered":"<p>&nbsp;<\/p>\n<style>\n  table {<br \/>\n    border-collapse: collapse;<br \/>\n    width: 100%;<br \/>\n    border: 1px solid black;<br \/>\n  }<\/p>\n<p>  th, td {<br \/>\n    border: 1px solid black;<br \/>\n    padding: 8px;<br \/>\n    text-align: left;<br \/>\n  }<br \/>\n<\/style>\n<p>&nbsp;<\/p>\n<h2>Informaci\u00f3n Nutricional &#8211; Bocatto Cachorros<\/h2>\n<table>\n<tbody>\n<tr>\n<th>Nutriente<\/th>\n<th>Cantidad<\/th>\n<\/tr>\n<tr>\n<td>Prote\u00edna bruta (m\u00edn.)<\/td>\n<td>26%<\/td>\n<\/tr>\n<tr>\n<td>Extracto et\u00e9reo (m\u00edn.)<\/td>\n<td>8%<\/td>\n<\/tr>\n<tr>\n<td>Fibra cruda (m\u00e1x.)<\/td>\n<td>4%<\/td>\n<\/tr>\n<tr>\n<td>Minerales totales (m\u00e1x.)<\/td>\n<td>7%<\/td>\n<\/tr>\n<tr>\n<td>Calcio (m\u00edn. &#8211; m\u00e1x.)<\/td>\n<td>1.7% &#8211; 1.9%<\/td>\n<\/tr>\n<tr>\n<td>F\u00f3sforo (m\u00edn. &#8211; m\u00e1x.)<\/td>\n<td>1.1% &#8211; 1.2%<\/td>\n<\/tr>\n<tr>\n<td>Humedad (m\u00e1x.)<\/td>\n<td>10%<\/td>\n<\/tr>\n<tr>\n<td>Energ\u00eda Metabolizable S\/M.S.<\/td>\n<td>3700 Kcal.\/kg<\/td>\n<\/tr>\n<\/tbody>\n<\/table>\n<p>&nbsp;<\/p>\n","protected":false},"excerpt":{"rendered":"<div class=\"texto_ho_ali\">\n<div class=\"sub\">\n<h2>Alimento balanceado completo<br \/>\nextrusado para cachorros<\/h2>\n<\/div>\n<div class=\"descripcion_larga\">\n<ul>\n<li>Alta digestabilidad proteica que favorece el \u00f3ptimo crecimiento.<\/li>\n<li>\u00e1cido linoleico = pelo sano y brillante.<\/li>\n<li>Balance Calcio : Zinc = Piel normal y sana.<\/li>\n<li>Balance Calcio : F\u00f3sforo = excelente estructura \u00f3sea<\/li>\n<\/ul>\n<\/div>\n<\/div>\n","protected":false},"featured_media":792,"template":"","meta":{"site-sidebar-layout":"default","site-content-layout":"default","ast-site-content-layout":"default","site-content-style":"default","site-sidebar-style":"default","ast-global-header-display":"","ast-banner-title-visibility":"","ast-main-header-display":"","ast-hfb-above-header-display":"","ast-hfb-below-header-display":"","ast-hfb-mobile-header-display":"","site-post-title":"","ast-breadcrumbs-content":"","ast-featured-img":"","footer-sml-layout":"","ast-disable-related-posts":"","theme-transparent-header-meta":"default","adv-header-id-meta":"","stick-header-meta":"","header-above-stick-meta":"","header-main-stick-meta":"","header-below-stick-meta":"","astra-migrate-meta-layouts":"set","ast-page-background-enabled":"default","ast-page-background-meta":{"desktop":{"background-color":"","background-image":"","background-repeat":"repeat","background-position":"center center","background-size":"auto","background-attachment":"scroll","background-type":"","background-media":"","overlay-type":"","overlay-color":"","overlay-opacity":"","overlay-gradient":""},"tablet":{"background-color":"","background-image":"","background-repeat":"repeat","background-position":"center center","background-size":"auto","background-attachment":"scroll","background-type":"","background-media":"","overlay-type":"","overlay-color":"","overlay-opacity":"","overlay-gradient":""},"mobile":{"background-color":"","background-image":"","background-repeat":"repeat","background-position":"center center","background-size":"auto","background-attachment":"scroll","background-type":"","background-media":"","overlay-type":"","overlay-color":"","overlay-opacity":"","overlay-gradient":""}},"ast-content-background-meta":{"desktop":{"background-color":"var(--ast-global-color-5)","background-image":"","background-repeat":"repeat","background-position":"center center","background-size":"auto","background-attachment":"scroll","background-type":"","background-media":"","overlay-type":"","overlay-color":"","overlay-opacity":"","overlay-gradient":""},"tablet":{"background-color":"var(--ast-global-color-5)","background-image":"","background-repeat":"repeat","background-position":"center center","background-size":"auto","background-attachment":"scroll","background-type":"","background-media":"","overlay-type":"","overlay-color":"","overlay-opacity":"","overlay-gradient":""},"mobile":{"background-color":"var(--ast-global-color-5)","background-image":"","background-repeat":"repeat","background-position":"center center","background-size":"auto","background-attachment":"scroll","background-type":"","background-media":"","overlay-type":"","overlay-color":"","overlay-opacity":"","overlay-gradient":""}}},"product_brand":[],"product_cat":[17,18],"product_tag":[43],"class_list":{"0":"post-92","1":"product","2":"type-product","3":"status-publish","4":"has-post-thumbnail","6":"product_cat-alimentos","7":"product_cat-perros","8":"product_tag-aliba","9":"desktop-align-left","10":"tablet-align-left","11":"mobile-align-left","13":"first","14":"instock","15":"shipping-taxable","16":"purchasable","17":"product-type-simple"},"_links":{"self":[{"href":"https:\/\/beitia.com.ar\/index.php\/wp-json\/wp\/v2\/product\/92","targetHints":{"allow":["GET"]}}],"collection":[{"href":"https:\/\/beitia.com.ar\/index.php\/wp-json\/wp\/v2\/product"}],"about":[{"href":"https:\/\/beitia.com.ar\/index.php\/wp-json\/wp\/v2\/types\/product"}],"wp:featuredmedia":[{"embeddable":true,"href":"https:\/\/beitia.com.ar\/index.php\/wp-json\/wp\/v2\/media\/792"}],"wp:attachment":[{"href":"https:\/\/beitia.com.ar\/index.php\/wp-json\/wp\/v2\/media?parent=92"}],"wp:term":[{"taxonomy":"product_brand","embeddable":true,"href":"https:\/\/beitia.com.ar\/index.php\/wp-json\/wp\/v2\/product_brand?post=92"},{"taxonomy":"product_cat","embeddable":true,"href":"https:\/\/beitia.com.ar\/index.php\/wp-json\/wp\/v2\/product_cat?post=92"},{"taxonomy":"product_tag","embeddable":true,"href":"https:\/\/beitia.com.ar\/index.php\/wp-json\/wp\/v2\/product_tag?post=92"}],"curies":[{"name":"wp","href":"https:\/\/api.w.org\/{rel}","templated":true}]}}