{"id":865,"date":"2023-08-22T08:11:20","date_gmt":"2023-08-22T11:11:20","guid":{"rendered":"http:\/\/beitia.com.ar\/?post_type=product&#038;p=865"},"modified":"2026-03-16T09:28:18","modified_gmt":"2026-03-16T12:28:18","slug":"excellent-gatos-urinary","status":"publish","type":"product","link":"https:\/\/beitia.com.ar\/index.php\/producto\/excellent-gatos-urinary\/","title":{"rendered":"EXCELLENT CAT  1KG.URINARY"},"content":{"rendered":"<p><!DOCTYPE html><br \/>\n<html><br \/>\n<head><\/p>\n<style>\n  table {\n    border-collapse: collapse;\n    width: 50%;\n    margin: auto;\n    margin-top: 20px;\n    text-align: left;\n  }<\/p>\n<p>  th, td {\n    padding: 8px;\n    border-bottom: 1px solid #ddd;\n  }<\/p>\n<p>  th {\n    background-color: #f2f2f2;\n  }\n<\/style>\n<p><\/head><br \/>\n<body><\/p>\n<h2>Valor Nutricional &#8211; Excellent Gatos Urinary<\/h2>\n<table>\n<tr>\n<th>Nutriente<\/th>\n<th>Valor<\/th>\n<\/tr>\n<tr>\n<td>Prote\u00edna Cruda<\/td>\n<td>33,0%<\/td>\n<\/tr>\n<tr>\n<td>Extracto Et\u00e9reo<\/td>\n<td>12,0%<\/td>\n<\/tr>\n<tr>\n<td>Fibra Bruta<\/td>\n<td>3,0%<\/td>\n<\/tr>\n<tr>\n<td>Humedad<\/td>\n<td>12,0%<\/td>\n<\/tr>\n<tr>\n<td>Minerales<\/td>\n<td>8,5%<\/td>\n<\/tr>\n<tr>\n<td>Calcio<\/td>\n<td>1,0% &#8211; 1,6%<\/td>\n<\/tr>\n<tr>\n<td>F\u00f3sforo<\/td>\n<td>0,9% &#8211; 1,5%<\/td>\n<\/tr>\n<\/table>\n<p><\/body><br \/>\n<\/html><\/p>\n","protected":false},"excerpt":{"rendered":"<p>PURINA\u00ae Excellent\u00ae Adulto Urinary Pollo y Arroz, ofrece una nutrici\u00f3n especializada para los gatos con un sistema urinario sensible, formulada a base de prote\u00ednas de alta digestibilidad, para ayudar a mantener el tracto urinario saludable y colaborar en reducir la formaci\u00f3n de cristales en la orina.<\/p>\n","protected":false},"featured_media":866,"template":"","meta":{"site-sidebar-layout":"default","site-content-layout":"","ast-site-content-layout":"default","site-content-style":"default","site-sidebar-style":"default","ast-global-header-display":"","ast-banner-title-visibility":"","ast-main-header-display":"","ast-hfb-above-header-display":"","ast-hfb-below-header-display":"","ast-hfb-mobile-header-display":"","site-post-title":"","ast-breadcrumbs-content":"","ast-featured-img":"","footer-sml-layout":"","ast-disable-related-posts":"","theme-transparent-header-meta":"default","adv-header-id-meta":"","stick-header-meta":"","header-above-stick-meta":"","header-main-stick-meta":"","header-below-stick-meta":"","astra-migrate-meta-layouts":"set","ast-page-background-enabled":"default","ast-page-background-meta":{"desktop":{"background-color":"","background-image":"","background-repeat":"repeat","background-position":"center center","background-size":"auto","background-attachment":"scroll","background-type":"","background-media":"","overlay-type":"","overlay-color":"","overlay-opacity":"","overlay-gradient":""},"tablet":{"background-color":"","background-image":"","background-repeat":"repeat","background-position":"center center","background-size":"auto","background-attachment":"scroll","background-type":"","background-media":"","overlay-type":"","overlay-color":"","overlay-opacity":"","overlay-gradient":""},"mobile":{"background-color":"","background-image":"","background-repeat":"repeat","background-position":"center center","background-size":"auto","background-attachment":"scroll","background-type":"","background-media":"","overlay-type":"","overlay-color":"","overlay-opacity":"","overlay-gradient":""}},"ast-content-background-meta":{"desktop":{"background-color":"var(--ast-global-color-5)","background-image":"","background-repeat":"repeat","background-position":"center center","background-size":"auto","background-attachment":"scroll","background-type":"","background-media":"","overlay-type":"","overlay-color":"","overlay-opacity":"","overlay-gradient":""},"tablet":{"background-color":"var(--ast-global-color-5)","background-image":"","background-repeat":"repeat","background-position":"center center","background-size":"auto","background-attachment":"scroll","background-type":"","background-media":"","overlay-type":"","overlay-color":"","overlay-opacity":"","overlay-gradient":""},"mobile":{"background-color":"var(--ast-global-color-5)","background-image":"","background-repeat":"repeat","background-position":"center center","background-size":"auto","background-attachment":"scroll","background-type":"","background-media":"","overlay-type":"","overlay-color":"","overlay-opacity":"","overlay-gradient":""}}},"product_brand":[],"product_cat":[17,19],"product_tag":[],"class_list":{"0":"post-865","1":"product","2":"type-product","3":"status-publish","4":"has-post-thumbnail","6":"product_cat-alimentos","7":"product_cat-gatos","8":"desktop-align-left","9":"tablet-align-left","10":"mobile-align-left","12":"first","13":"instock","14":"shipping-taxable","15":"purchasable","16":"product-type-simple"},"_links":{"self":[{"href":"https:\/\/beitia.com.ar\/index.php\/wp-json\/wp\/v2\/product\/865","targetHints":{"allow":["GET"]}}],"collection":[{"href":"https:\/\/beitia.com.ar\/index.php\/wp-json\/wp\/v2\/product"}],"about":[{"href":"https:\/\/beitia.com.ar\/index.php\/wp-json\/wp\/v2\/types\/product"}],"wp:featuredmedia":[{"embeddable":true,"href":"https:\/\/beitia.com.ar\/index.php\/wp-json\/wp\/v2\/media\/866"}],"wp:attachment":[{"href":"https:\/\/beitia.com.ar\/index.php\/wp-json\/wp\/v2\/media?parent=865"}],"wp:term":[{"taxonomy":"product_brand","embeddable":true,"href":"https:\/\/beitia.com.ar\/index.php\/wp-json\/wp\/v2\/product_brand?post=865"},{"taxonomy":"product_cat","embeddable":true,"href":"https:\/\/beitia.com.ar\/index.php\/wp-json\/wp\/v2\/product_cat?post=865"},{"taxonomy":"product_tag","embeddable":true,"href":"https:\/\/beitia.com.ar\/index.php\/wp-json\/wp\/v2\/product_tag?post=865"}],"curies":[{"name":"wp","href":"https:\/\/api.w.org\/{rel}","templated":true}]}}