{"id":858,"date":"2023-08-22T08:05:16","date_gmt":"2023-08-22T11:05:16","guid":{"rendered":"http:\/\/beitia.com.ar\/?post_type=product&#038;p=858"},"modified":"2026-04-23T19:42:01","modified_gmt":"2026-04-23T22:42:01","slug":"clever-gatos","status":"publish","type":"product","link":"https:\/\/beitia.com.ar\/index.php\/producto\/clever-gatos\/","title":{"rendered":"Clever Gatos 10kg."},"content":{"rendered":"<p>&nbsp;<\/p>\n<style>\n  table {<br \/>\n    border-collapse: collapse;<br \/>\n    width: 50%;<br \/>\n    margin: auto;<br \/>\n    margin-top: 20px;<br \/>\n    text-align: left;<br \/>\n  }<\/p>\n<p>  th, td {<br \/>\n    padding: 8px;<br \/>\n    border-bottom: 1px solid #ddd;<br \/>\n  }<\/p>\n<p>  th {<br \/>\n    background-color: #f2f2f2;<br \/>\n  }<br \/>\n<\/style>\n<p>&nbsp;<\/p>\n<h2>Valor Nutricional &#8211; Clever gatos<\/h2>\n<table>\n<tbody>\n<tr>\n<th>Nutriente<\/th>\n<th>Valor<\/th>\n<\/tr>\n<tr>\n<td>Prote\u00edna Bruta (m\u00edn.)<\/td>\n<td>32%<\/td>\n<\/tr>\n<tr>\n<td>Extracto Et\u00e9reo (m\u00edn.)<\/td>\n<td>10%<\/td>\n<\/tr>\n<tr>\n<td>Fibra Cruda (m\u00e1x.)<\/td>\n<td>3%<\/td>\n<\/tr>\n<tr>\n<td>Minerales Totales (m\u00e1x.)<\/td>\n<td>8%<\/td>\n<\/tr>\n<tr>\n<td>Calcio (m\u00edn. &#8211; m\u00e1x.)<\/td>\n<td>1,0% &#8211; 1,5%<\/td>\n<\/tr>\n<tr>\n<td>F\u00f3sforo (m\u00edn. &#8211; m\u00e1x.)<\/td>\n<td>0,8% &#8211; 1,2%<\/td>\n<\/tr>\n<tr>\n<td>Humedad (m\u00e1x.)<\/td>\n<td>10%<\/td>\n<\/tr>\n<tr>\n<td>Energ\u00eda Metabolizable s\/MS<\/td>\n<td>3700 Kcal\/kg<\/td>\n<\/tr>\n<\/tbody>\n<\/table>\n<p>&nbsp;<\/p>\n","protected":false},"excerpt":{"rendered":"<div class=\"et_pb_column et_pb_column_1_2 et_pb_column_1 et_pb_css_mix_blend_mode_passthrough\">\n<div class=\"et_pb_with_border et_pb_module et_pb_blurb et_pb_blurb_0 et_pb_text_align_left et_pb_blurb_position_left et_pb_bg_layout_dark\">\n<div class=\"et_pb_blurb_content\">\n<div class=\"et_pb_blurb_container\">\n<div class=\"et_pb_blurb_description\">\n<p><span class=\"tit-claim\">Acidificante y bajos niveles de magnesio<\/span><br \/>\n<span class=\"texto-claim\">Ayudan a evitar el S\u00edndrome Urinario Felino<\/span><\/p>\n<\/div>\n<\/div>\n<\/div>\n<\/div>\n<div class=\"et_pb_with_border et_pb_module et_pb_blurb et_pb_blurb_1 et_pb_text_align_left et_pb_blurb_position_left et_pb_bg_layout_dark\">\n<div class=\"et_pb_blurb_content\">\n<div class=\"et_pb_blurb_container\">\n<div class=\"et_pb_blurb_description\">\n<p><span class=\"tit-claim\">Croquetas crocantes<\/span><br \/>\n<span class=\"texto-claim\">Colaboran en mantener dientes sin sarro y aliento fresco<\/span><\/p>\n<\/div>\n<\/div>\n<\/div>\n<\/div>\n<div class=\"et_pb_with_border et_pb_module et_pb_blurb et_pb_blurb_2 et_pb_text_align_left et_pb_blurb_position_left et_pb_bg_layout_dark\">\n<div class=\"et_pb_blurb_content\">\n<div class=\"et_pb_blurb_container\">\n<div class=\"et_pb_blurb_description\">\n<p><span class=\"tit-claim\">Vitaminas A y D<\/span><br \/>\n<span class=\"texto-claim\">Contribuyen en la conservaci\u00f3n de una mejor visi\u00f3n y consistencia \u00f3sea<\/span><\/p>\n<\/div>\n<\/div>\n<\/div>\n<\/div>\n<\/div>\n<div class=\"et_pb_column et_pb_column_1_2 et_pb_column_2 et_pb_css_mix_blend_mode_passthrough et-last-child\">\n<div class=\"et_pb_with_border et_pb_module et_pb_blurb et_pb_blurb_3 et_pb_text_align_left et_pb_blurb_position_left et_pb_bg_layout_dark\">\n<div class=\"et_pb_blurb_content\">\n<div class=\"et_pb_blurb_container\">\n<div class=\"et_pb_blurb_description\">\n<p><span class=\"tit-claim\">Fuente de \u00e1cido linoleico y omega 3<\/span><br \/>\n<span class=\"texto-claim\">Ayudan a mantener un pelaje sano y brillante<\/span><\/p>\n<\/div>\n<\/div>\n<\/div>\n<\/div>\n<div class=\"et_pb_with_border et_pb_module et_pb_blurb et_pb_blurb_4 et_pb_text_align_left et_pb_blurb_position_left et_pb_bg_layout_dark\">\n<div class=\"et_pb_blurb_content\">\n<div class=\"et_pb_blurb_container\">\n<div class=\"et_pb_blurb_description\">\n<p><span class=\"tit-claim\">Vitaminas, oligoelementos, levaduras y alta digestibilidad proteica<\/span><br \/>\n<span class=\"texto-claim\">Colaboran en el desarrollo del sistema inmunol\u00f3gico<\/span><\/p>\n<\/div>\n<\/div>\n<\/div>\n<\/div>\n<\/div>\n","protected":false},"featured_media":860,"template":"","meta":{"site-sidebar-layout":"default","site-content-layout":"","ast-site-content-layout":"default","site-content-style":"default","site-sidebar-style":"default","ast-global-header-display":"","ast-banner-title-visibility":"","ast-main-header-display":"","ast-hfb-above-header-display":"","ast-hfb-below-header-display":"","ast-hfb-mobile-header-display":"","site-post-title":"","ast-breadcrumbs-content":"","ast-featured-img":"","footer-sml-layout":"","ast-disable-related-posts":"","theme-transparent-header-meta":"default","adv-header-id-meta":"","stick-header-meta":"","header-above-stick-meta":"","header-main-stick-meta":"","header-below-stick-meta":"","astra-migrate-meta-layouts":"set","ast-page-background-enabled":"default","ast-page-background-meta":{"desktop":{"background-color":"","background-image":"","background-repeat":"repeat","background-position":"center center","background-size":"auto","background-attachment":"scroll","background-type":"","background-media":"","overlay-type":"","overlay-color":"","overlay-opacity":"","overlay-gradient":""},"tablet":{"background-color":"","background-image":"","background-repeat":"repeat","background-position":"center center","background-size":"auto","background-attachment":"scroll","background-type":"","background-media":"","overlay-type":"","overlay-color":"","overlay-opacity":"","overlay-gradient":""},"mobile":{"background-color":"","background-image":"","background-repeat":"repeat","background-position":"center center","background-size":"auto","background-attachment":"scroll","background-type":"","background-media":"","overlay-type":"","overlay-color":"","overlay-opacity":"","overlay-gradient":""}},"ast-content-background-meta":{"desktop":{"background-color":"var(--ast-global-color-5)","background-image":"","background-repeat":"repeat","background-position":"center center","background-size":"auto","background-attachment":"scroll","background-type":"","background-media":"","overlay-type":"","overlay-color":"","overlay-opacity":"","overlay-gradient":""},"tablet":{"background-color":"var(--ast-global-color-5)","background-image":"","background-repeat":"repeat","background-position":"center center","background-size":"auto","background-attachment":"scroll","background-type":"","background-media":"","overlay-type":"","overlay-color":"","overlay-opacity":"","overlay-gradient":""},"mobile":{"background-color":"var(--ast-global-color-5)","background-image":"","background-repeat":"repeat","background-position":"center center","background-size":"auto","background-attachment":"scroll","background-type":"","background-media":"","overlay-type":"","overlay-color":"","overlay-opacity":"","overlay-gradient":""}}},"product_brand":[],"product_cat":[17,19],"product_tag":[43],"class_list":{"0":"post-858","1":"product","2":"type-product","3":"status-publish","4":"has-post-thumbnail","6":"product_cat-alimentos","7":"product_cat-gatos","8":"product_tag-aliba","9":"desktop-align-left","10":"tablet-align-left","11":"mobile-align-left","13":"first","14":"instock","15":"shipping-taxable","16":"purchasable","17":"product-type-simple"},"_links":{"self":[{"href":"https:\/\/beitia.com.ar\/index.php\/wp-json\/wp\/v2\/product\/858","targetHints":{"allow":["GET"]}}],"collection":[{"href":"https:\/\/beitia.com.ar\/index.php\/wp-json\/wp\/v2\/product"}],"about":[{"href":"https:\/\/beitia.com.ar\/index.php\/wp-json\/wp\/v2\/types\/product"}],"wp:featuredmedia":[{"embeddable":true,"href":"https:\/\/beitia.com.ar\/index.php\/wp-json\/wp\/v2\/media\/860"}],"wp:attachment":[{"href":"https:\/\/beitia.com.ar\/index.php\/wp-json\/wp\/v2\/media?parent=858"}],"wp:term":[{"taxonomy":"product_brand","embeddable":true,"href":"https:\/\/beitia.com.ar\/index.php\/wp-json\/wp\/v2\/product_brand?post=858"},{"taxonomy":"product_cat","embeddable":true,"href":"https:\/\/beitia.com.ar\/index.php\/wp-json\/wp\/v2\/product_cat?post=858"},{"taxonomy":"product_tag","embeddable":true,"href":"https:\/\/beitia.com.ar\/index.php\/wp-json\/wp\/v2\/product_tag?post=858"}],"curies":[{"name":"wp","href":"https:\/\/api.w.org\/{rel}","templated":true}]}}