{"id":849,"date":"2023-08-19T11:26:46","date_gmt":"2023-08-19T14:26:46","guid":{"rendered":"http:\/\/beitia.com.ar\/?post_type=product&#038;p=849"},"modified":"2026-02-19T12:29:10","modified_gmt":"2026-02-19T15:29:10","slug":"voraz-perros","status":"publish","type":"product","link":"https:\/\/beitia.com.ar\/index.php\/producto\/voraz-perros\/","title":{"rendered":"Voraz AD Perros 20kg."},"content":{"rendered":"<p>&nbsp;<\/p>\n<style>\n  table {<br \/>\n    border-collapse: collapse;<br \/>\n    width: 100%;<br \/>\n    border: 1px solid black;<br \/>\n  }<\/p>\n<p>  th, td {<br \/>\n    border: 1px solid black;<br \/>\n    padding: 8px;<br \/>\n    text-align: left;<br \/>\n  }<br \/>\n<\/style>\n<p>&nbsp;<\/p>\n<h2>Informaci\u00f3n Nutricional &#8211; Voraz<\/h2>\n<table>\n<tbody>\n<tr>\n<th>Nutriente<\/th>\n<th>Cantidad<\/th>\n<\/tr>\n<tr>\n<td>Tenor m\u00ednimo de prote\u00edna bruta<\/td>\n<td>18%<\/td>\n<\/tr>\n<tr>\n<td>Tenor m\u00ednimo de extracto et\u00e9reo<\/td>\n<td>7%<\/td>\n<\/tr>\n<tr>\n<td>Tenor m\u00e1ximo de fibra cruda<\/td>\n<td>4%<\/td>\n<\/tr>\n<tr>\n<td>Tenor m\u00e1ximo de minerales totales<\/td>\n<td>7%<\/td>\n<\/tr>\n<tr>\n<td>Tenor de calcio (m\u00ednimo y m\u00e1ximo)<\/td>\n<td>1.1% &#8211; 1.5%<\/td>\n<\/tr>\n<tr>\n<td>Tenor de f\u00f3sforo (m\u00ednimo y m\u00e1ximo)<\/td>\n<td>0.9% &#8211; 1.2%<\/td>\n<\/tr>\n<tr>\n<td>Tenor m\u00e1ximo de humedad<\/td>\n<td>12%<\/td>\n<\/tr>\n<tr>\n<td>Energ\u00eda Metabolizable<\/td>\n<td>3500 Kcal\/kg<\/td>\n<\/tr>\n<\/tbody>\n<\/table>\n<p>&nbsp;<\/p>\n","protected":false},"excerpt":{"rendered":"<p>&nbsp; &nbsp; Informaci\u00f3n Nutricional &#8211; Voraz Nutriente Cantidad Tenor m\u00ednimo de prote\u00edna bruta 18% Tenor m\u00ednimo de extracto et\u00e9reo 7% Tenor m\u00e1ximo de fibra cruda 4% Tenor m\u00e1ximo de minerales totales 7% Tenor de calcio (m\u00ednimo y m\u00e1ximo) 1.1% &#8211; 1.5% Tenor de f\u00f3sforo (m\u00ednimo y m\u00e1ximo) 0.9% &#8211; 1.2% Tenor m\u00e1ximo de humedad 12% [&hellip;]<\/p>\n","protected":false},"featured_media":850,"template":"","meta":{"site-sidebar-layout":"default","site-content-layout":"","ast-site-content-layout":"default","site-content-style":"default","site-sidebar-style":"default","ast-global-header-display":"","ast-banner-title-visibility":"","ast-main-header-display":"","ast-hfb-above-header-display":"","ast-hfb-below-header-display":"","ast-hfb-mobile-header-display":"","site-post-title":"","ast-breadcrumbs-content":"","ast-featured-img":"","footer-sml-layout":"","ast-disable-related-posts":"","theme-transparent-header-meta":"default","adv-header-id-meta":"","stick-header-meta":"","header-above-stick-meta":"","header-main-stick-meta":"","header-below-stick-meta":"","astra-migrate-meta-layouts":"set","ast-page-background-enabled":"default","ast-page-background-meta":{"desktop":{"background-color":"","background-image":"","background-repeat":"repeat","background-position":"center center","background-size":"auto","background-attachment":"scroll","background-type":"","background-media":"","overlay-type":"","overlay-color":"","overlay-opacity":"","overlay-gradient":""},"tablet":{"background-color":"","background-image":"","background-repeat":"repeat","background-position":"center center","background-size":"auto","background-attachment":"scroll","background-type":"","background-media":"","overlay-type":"","overlay-color":"","overlay-opacity":"","overlay-gradient":""},"mobile":{"background-color":"","background-image":"","background-repeat":"repeat","background-position":"center center","background-size":"auto","background-attachment":"scroll","background-type":"","background-media":"","overlay-type":"","overlay-color":"","overlay-opacity":"","overlay-gradient":""}},"ast-content-background-meta":{"desktop":{"background-color":"var(--ast-global-color-5)","background-image":"","background-repeat":"repeat","background-position":"center center","background-size":"auto","background-attachment":"scroll","background-type":"","background-media":"","overlay-type":"","overlay-color":"","overlay-opacity":"","overlay-gradient":""},"tablet":{"background-color":"var(--ast-global-color-5)","background-image":"","background-repeat":"repeat","background-position":"center center","background-size":"auto","background-attachment":"scroll","background-type":"","background-media":"","overlay-type":"","overlay-color":"","overlay-opacity":"","overlay-gradient":""},"mobile":{"background-color":"var(--ast-global-color-5)","background-image":"","background-repeat":"repeat","background-position":"center center","background-size":"auto","background-attachment":"scroll","background-type":"","background-media":"","overlay-type":"","overlay-color":"","overlay-opacity":"","overlay-gradient":""}}},"product_brand":[],"product_cat":[17,18],"product_tag":[],"class_list":{"0":"post-849","1":"product","2":"type-product","3":"status-publish","4":"has-post-thumbnail","6":"product_cat-alimentos","7":"product_cat-perros","8":"desktop-align-left","9":"tablet-align-left","10":"mobile-align-left","12":"first","13":"instock","14":"shipping-taxable","15":"purchasable","16":"product-type-simple"},"_links":{"self":[{"href":"https:\/\/beitia.com.ar\/index.php\/wp-json\/wp\/v2\/product\/849","targetHints":{"allow":["GET"]}}],"collection":[{"href":"https:\/\/beitia.com.ar\/index.php\/wp-json\/wp\/v2\/product"}],"about":[{"href":"https:\/\/beitia.com.ar\/index.php\/wp-json\/wp\/v2\/types\/product"}],"wp:featuredmedia":[{"embeddable":true,"href":"https:\/\/beitia.com.ar\/index.php\/wp-json\/wp\/v2\/media\/850"}],"wp:attachment":[{"href":"https:\/\/beitia.com.ar\/index.php\/wp-json\/wp\/v2\/media?parent=849"}],"wp:term":[{"taxonomy":"product_brand","embeddable":true,"href":"https:\/\/beitia.com.ar\/index.php\/wp-json\/wp\/v2\/product_brand?post=849"},{"taxonomy":"product_cat","embeddable":true,"href":"https:\/\/beitia.com.ar\/index.php\/wp-json\/wp\/v2\/product_cat?post=849"},{"taxonomy":"product_tag","embeddable":true,"href":"https:\/\/beitia.com.ar\/index.php\/wp-json\/wp\/v2\/product_tag?post=849"}],"curies":[{"name":"wp","href":"https:\/\/api.w.org\/{rel}","templated":true}]}}