{"id":829,"date":"2023-08-19T11:09:27","date_gmt":"2023-08-19T14:09:27","guid":{"rendered":"http:\/\/beitia.com.ar\/?post_type=product&#038;p=829"},"modified":"2026-03-16T09:28:21","modified_gmt":"2026-03-16T12:28:21","slug":"pro-plan-active-mind","status":"publish","type":"product","link":"https:\/\/beitia.com.ar\/index.php\/producto\/pro-plan-active-mind\/","title":{"rendered":"PROPLAN ACTIVE MIND R.PEQ. 1KG"},"content":{"rendered":"<p>&nbsp;<\/p>\n<style>\n  table {<br \/>    border-collapse: collapse;<br \/>    width: 100%;<br \/>    border: 1px solid black;<br \/>  }<\/p>\n<p>  th, td {<br \/>    border: 1px solid black;<br \/>    padding: 8px;<br \/>    text-align: left;<br \/>  }<br \/><\/style>\n<p>&nbsp;<\/p>\n<h2>Informaci\u00f3n Nutricional &#8211; Pro Plan Active Mind<\/h2>\n<p>&nbsp;<\/p>\n<table>\n<tbody>\n<tr>\n<th>Nutriente<\/th>\n<th>Cantidad<\/th>\n<\/tr>\n<tr>\n<td>Prote\u00edna bruta (M\u00edn.)<\/td>\n<td>29.0%<\/td>\n<\/tr>\n<tr>\n<td>Extracto et\u00e9reo \/ Grasa bruta (M\u00edn.\/M\u00e1x.)<\/td>\n<td>15%<\/td>\n<\/tr>\n<tr>\n<td>Fibra bruta (M\u00e1x.)<\/td>\n<td>3%<\/td>\n<\/tr>\n<tr>\n<td>Humedad (M\u00e1x.)<\/td>\n<td>12.0%<\/td>\n<\/tr>\n<tr>\n<td>Minerales \/ Cenizas (M\u00e1x.)<\/td>\n<td>8.5%<\/td>\n<\/tr>\n<tr>\n<td>Calcio (M\u00edn.\/M\u00e1x.)<\/td>\n<td>1.0% &#8211; 1.8%<\/td>\n<\/tr>\n<tr>\n<td>F\u00f3sforo (M\u00edn.\/M\u00e1x.)<\/td>\n<td>0.8% &#8211; 1.3%<\/td>\n<\/tr>\n<\/tbody>\n<\/table>\n<p>&nbsp;<\/p>\n","protected":false},"excerpt":{"rendered":"<p>Provee nutrici\u00f3n de avanzada para proteger a los perros mayores de 7 a\u00f1os razas peque\u00f1as, manteni\u00e9ndolos sanos y activos.<\/p>\n<p>Formulado con fuentes naturales de glucosamina, que ayudan a mantener las articulaciones sanas y una movilidad \u00f3ptima. Contiene una proporci\u00f3n equilibrada de prote\u00edna y grasa para mantener la masa muscular magra, una combinaci\u00f3n de antioxidantes naturales y vitaminas E y C.<\/p>\n","protected":false},"featured_media":979,"template":"","meta":{"site-sidebar-layout":"default","site-content-layout":"","ast-site-content-layout":"default","site-content-style":"default","site-sidebar-style":"default","ast-global-header-display":"","ast-banner-title-visibility":"","ast-main-header-display":"","ast-hfb-above-header-display":"","ast-hfb-below-header-display":"","ast-hfb-mobile-header-display":"","site-post-title":"","ast-breadcrumbs-content":"","ast-featured-img":"","footer-sml-layout":"","ast-disable-related-posts":"","theme-transparent-header-meta":"default","adv-header-id-meta":"","stick-header-meta":"","header-above-stick-meta":"","header-main-stick-meta":"","header-below-stick-meta":"","astra-migrate-meta-layouts":"set","ast-page-background-enabled":"default","ast-page-background-meta":{"desktop":{"background-color":"","background-image":"","background-repeat":"repeat","background-position":"center center","background-size":"auto","background-attachment":"scroll","background-type":"","background-media":"","overlay-type":"","overlay-color":"","overlay-opacity":"","overlay-gradient":""},"tablet":{"background-color":"","background-image":"","background-repeat":"repeat","background-position":"center center","background-size":"auto","background-attachment":"scroll","background-type":"","background-media":"","overlay-type":"","overlay-color":"","overlay-opacity":"","overlay-gradient":""},"mobile":{"background-color":"","background-image":"","background-repeat":"repeat","background-position":"center center","background-size":"auto","background-attachment":"scroll","background-type":"","background-media":"","overlay-type":"","overlay-color":"","overlay-opacity":"","overlay-gradient":""}},"ast-content-background-meta":{"desktop":{"background-color":"var(--ast-global-color-5)","background-image":"","background-repeat":"repeat","background-position":"center center","background-size":"auto","background-attachment":"scroll","background-type":"","background-media":"","overlay-type":"","overlay-color":"","overlay-opacity":"","overlay-gradient":""},"tablet":{"background-color":"var(--ast-global-color-5)","background-image":"","background-repeat":"repeat","background-position":"center center","background-size":"auto","background-attachment":"scroll","background-type":"","background-media":"","overlay-type":"","overlay-color":"","overlay-opacity":"","overlay-gradient":""},"mobile":{"background-color":"var(--ast-global-color-5)","background-image":"","background-repeat":"repeat","background-position":"center center","background-size":"auto","background-attachment":"scroll","background-type":"","background-media":"","overlay-type":"","overlay-color":"","overlay-opacity":"","overlay-gradient":""}}},"product_brand":[],"product_cat":[17,18],"product_tag":[],"class_list":{"0":"post-829","1":"product","2":"type-product","3":"status-publish","4":"has-post-thumbnail","6":"product_cat-alimentos","7":"product_cat-perros","8":"desktop-align-left","9":"tablet-align-left","10":"mobile-align-left","12":"first","13":"instock","14":"shipping-taxable","15":"purchasable","16":"product-type-simple"},"_links":{"self":[{"href":"https:\/\/beitia.com.ar\/index.php\/wp-json\/wp\/v2\/product\/829","targetHints":{"allow":["GET"]}}],"collection":[{"href":"https:\/\/beitia.com.ar\/index.php\/wp-json\/wp\/v2\/product"}],"about":[{"href":"https:\/\/beitia.com.ar\/index.php\/wp-json\/wp\/v2\/types\/product"}],"wp:featuredmedia":[{"embeddable":true,"href":"https:\/\/beitia.com.ar\/index.php\/wp-json\/wp\/v2\/media\/979"}],"wp:attachment":[{"href":"https:\/\/beitia.com.ar\/index.php\/wp-json\/wp\/v2\/media?parent=829"}],"wp:term":[{"taxonomy":"product_brand","embeddable":true,"href":"https:\/\/beitia.com.ar\/index.php\/wp-json\/wp\/v2\/product_brand?post=829"},{"taxonomy":"product_cat","embeddable":true,"href":"https:\/\/beitia.com.ar\/index.php\/wp-json\/wp\/v2\/product_cat?post=829"},{"taxonomy":"product_tag","embeddable":true,"href":"https:\/\/beitia.com.ar\/index.php\/wp-json\/wp\/v2\/product_tag?post=829"}],"curies":[{"name":"wp","href":"https:\/\/api.w.org\/{rel}","templated":true}]}}