{"id":806,"date":"2023-08-19T10:07:26","date_gmt":"2023-08-19T13:07:26","guid":{"rendered":"http:\/\/beitia.com.ar\/?post_type=product&#038;p=806"},"modified":"2026-01-30T09:07:04","modified_gmt":"2026-01-30T12:07:04","slug":"agility-cachorros","status":"publish","type":"product","link":"https:\/\/beitia.com.ar\/index.php\/producto\/agility-cachorros\/","title":{"rendered":"Agility Cachorros 20kg."},"content":{"rendered":"<p><!DOCTYPE html><br \/>\n<html><br \/>\n<head><\/p>\n<style>\n  table {\n    border-collapse: collapse;\n    width: 100%;\n    border: 1px solid black;\n  }<\/p>\n<p>  th, td {\n    border: 1px solid black;\n    padding: 8px;\n    text-align: left;\n  }\n<\/style>\n<p><\/head><br \/>\n<body><\/p>\n<h2>Informaci\u00f3n Nutricional &#8211; Agility Cachorros<\/h2>\n<table>\n<tr>\n<th>Nutriente<\/th>\n<th>Cantidad<\/th>\n<\/tr>\n<tr>\n<td>Prote\u00edna bruta (m\u00edn.)<\/td>\n<td>27%<\/td>\n<\/tr>\n<tr>\n<td>Extracto et\u00e9reo (m\u00edn.)<\/td>\n<td>15%<\/td>\n<\/tr>\n<tr>\n<td>Fibra cruda (m\u00e1x.)<\/td>\n<td>3.5%<\/td>\n<\/tr>\n<tr>\n<td>Minerales totales (m\u00e1x.)<\/td>\n<td>8%<\/td>\n<\/tr>\n<tr>\n<td>Calcio (m\u00edn. &#8211; m\u00e1x.)<\/td>\n<td>1.3% &#8211; 1.6%<\/td>\n<\/tr>\n<tr>\n<td>F\u00f3sforo (m\u00edn. &#8211; m\u00e1x.)<\/td>\n<td>0.9% &#8211; 1.2%<\/td>\n<\/tr>\n<tr>\n<td>Humedad (m\u00e1x.)<\/td>\n<td>10%<\/td>\n<\/tr>\n<tr>\n<td>Energ\u00eda metabolizable<\/td>\n<td>3,515 Kcal\/kg<\/td>\n<\/tr>\n<\/table>\n<p><\/body><br \/>\n<\/html><\/p>\n","protected":false},"excerpt":{"rendered":"<p>Alimento balanceado para perros hasta 12 meses<br \/>\nDurante el primer a\u00f1o de vida es fundamental que el cachorro reciba una alimentaci\u00f3n con todos los nutrientes clave para su crecimiento.<br \/>\nAgility Cachorros est\u00e1 dise\u00f1ado especialmente para cubrir sus requerimientos nutricionales y brindarle una vida saludable. Contiene un nivel energ\u00e9tico y proteico ideal, necesario para la primera etapa de vida. Su f\u00f3rmula est\u00e1 basada en la exclusiva tecnolog\u00eda Active Health: una combinaci\u00f3n de nutrientes minuciosamente seleccionados para que tu cachorro alcance su m\u00e1ximo potencial.<br \/>\nTambi\u00e9n indicado para hembras gestantes y lactantes, quienes necesitan un aporte mayor de estos macronutrientes (prote\u00ednas y grasas).<br \/>\nHealthy Complex: \u00d3ptima nutrici\u00f3n para su m\u00e1ximo potencial<\/p>\n","protected":false},"featured_media":807,"template":"","meta":{"site-sidebar-layout":"default","site-content-layout":"","ast-site-content-layout":"default","site-content-style":"default","site-sidebar-style":"default","ast-global-header-display":"","ast-banner-title-visibility":"","ast-main-header-display":"","ast-hfb-above-header-display":"","ast-hfb-below-header-display":"","ast-hfb-mobile-header-display":"","site-post-title":"","ast-breadcrumbs-content":"","ast-featured-img":"","footer-sml-layout":"","ast-disable-related-posts":"","theme-transparent-header-meta":"default","adv-header-id-meta":"","stick-header-meta":"","header-above-stick-meta":"","header-main-stick-meta":"","header-below-stick-meta":"","astra-migrate-meta-layouts":"set","ast-page-background-enabled":"default","ast-page-background-meta":{"desktop":{"background-color":"","background-image":"","background-repeat":"repeat","background-position":"center center","background-size":"auto","background-attachment":"scroll","background-type":"","background-media":"","overlay-type":"","overlay-color":"","overlay-opacity":"","overlay-gradient":""},"tablet":{"background-color":"","background-image":"","background-repeat":"repeat","background-position":"center center","background-size":"auto","background-attachment":"scroll","background-type":"","background-media":"","overlay-type":"","overlay-color":"","overlay-opacity":"","overlay-gradient":""},"mobile":{"background-color":"","background-image":"","background-repeat":"repeat","background-position":"center center","background-size":"auto","background-attachment":"scroll","background-type":"","background-media":"","overlay-type":"","overlay-color":"","overlay-opacity":"","overlay-gradient":""}},"ast-content-background-meta":{"desktop":{"background-color":"var(--ast-global-color-5)","background-image":"","background-repeat":"repeat","background-position":"center center","background-size":"auto","background-attachment":"scroll","background-type":"","background-media":"","overlay-type":"","overlay-color":"","overlay-opacity":"","overlay-gradient":""},"tablet":{"background-color":"var(--ast-global-color-5)","background-image":"","background-repeat":"repeat","background-position":"center center","background-size":"auto","background-attachment":"scroll","background-type":"","background-media":"","overlay-type":"","overlay-color":"","overlay-opacity":"","overlay-gradient":""},"mobile":{"background-color":"var(--ast-global-color-5)","background-image":"","background-repeat":"repeat","background-position":"center center","background-size":"auto","background-attachment":"scroll","background-type":"","background-media":"","overlay-type":"","overlay-color":"","overlay-opacity":"","overlay-gradient":""}}},"product_brand":[],"product_cat":[17,18],"product_tag":[],"class_list":{"0":"post-806","1":"product","2":"type-product","3":"status-publish","4":"has-post-thumbnail","6":"product_cat-alimentos","7":"product_cat-perros","8":"desktop-align-left","9":"tablet-align-left","10":"mobile-align-left","12":"first","13":"instock","14":"shipping-taxable","15":"purchasable","16":"product-type-simple"},"_links":{"self":[{"href":"https:\/\/beitia.com.ar\/index.php\/wp-json\/wp\/v2\/product\/806","targetHints":{"allow":["GET"]}}],"collection":[{"href":"https:\/\/beitia.com.ar\/index.php\/wp-json\/wp\/v2\/product"}],"about":[{"href":"https:\/\/beitia.com.ar\/index.php\/wp-json\/wp\/v2\/types\/product"}],"wp:featuredmedia":[{"embeddable":true,"href":"https:\/\/beitia.com.ar\/index.php\/wp-json\/wp\/v2\/media\/807"}],"wp:attachment":[{"href":"https:\/\/beitia.com.ar\/index.php\/wp-json\/wp\/v2\/media?parent=806"}],"wp:term":[{"taxonomy":"product_brand","embeddable":true,"href":"https:\/\/beitia.com.ar\/index.php\/wp-json\/wp\/v2\/product_brand?post=806"},{"taxonomy":"product_cat","embeddable":true,"href":"https:\/\/beitia.com.ar\/index.php\/wp-json\/wp\/v2\/product_cat?post=806"},{"taxonomy":"product_tag","embeddable":true,"href":"https:\/\/beitia.com.ar\/index.php\/wp-json\/wp\/v2\/product_tag?post=806"}],"curies":[{"name":"wp","href":"https:\/\/api.w.org\/{rel}","templated":true}]}}