{"id":798,"date":"2023-08-19T09:20:35","date_gmt":"2023-08-19T12:20:35","guid":{"rendered":"http:\/\/beitia.com.ar\/?post_type=product&#038;p=798"},"modified":"2026-04-23T19:41:42","modified_gmt":"2026-04-23T22:41:42","slug":"clever-razas-pequenas","status":"publish","type":"product","link":"https:\/\/beitia.com.ar\/index.php\/producto\/clever-razas-pequenas\/","title":{"rendered":"Clever Razas Peque\u00f1as 15kg."},"content":{"rendered":"<p>&nbsp;<\/p>\n<style>\n  table {<br \/>    border-collapse: collapse;<br \/>    width: 100%;<br \/>    border: 1px solid black;<br \/>  }<\/p>\n<p>  th, td {<br \/>    border: 1px solid black;<br \/>    padding: 8px;<br \/>    text-align: left;<br \/>  }<br \/><\/style>\n<p>&nbsp;<\/p>\n<h2>Informaci\u00f3n Nutricional &#8211; Clever Razas Peque\u00f1as<\/h2>\n<table>\n<tbody>\n<tr>\n<th>Nutriente<\/th>\n<th>Cantidad<\/th>\n<\/tr>\n<tr>\n<td>Tenor m\u00edn. de prote\u00edna bruta<\/td>\n<td>23%<\/td>\n<\/tr>\n<tr>\n<td>Tenor m\u00edn. de extracto et\u00e9reo<\/td>\n<td>12%<\/td>\n<\/tr>\n<tr>\n<td>Tenor m\u00e1x. de fibra cruda<\/td>\n<td>4%<\/td>\n<\/tr>\n<tr>\n<td>Tenor m\u00e1x. de minerales totales<\/td>\n<td>6%<\/td>\n<\/tr>\n<tr>\n<td>Tenor de calcio (m\u00edn. y m\u00e1x.)<\/td>\n<td>1.0 &#8211; 1.5%<\/td>\n<\/tr>\n<tr>\n<td>Tenor de f\u00f3sforo (m\u00edn. y m\u00e1x.)<\/td>\n<td>0.7 &#8211; 1.0%<\/td>\n<\/tr>\n<tr>\n<td>Tenor m\u00e1x. de humedad<\/td>\n<td>10%<\/td>\n<\/tr>\n<tr>\n<td>Energ\u00eda metabolizable s\/MS<\/td>\n<td>3700 Kcal\/kg<\/td>\n<\/tr>\n<\/tbody>\n<\/table>\n<p>&nbsp;<\/p>\n","protected":false},"excerpt":{"rendered":"<p>\u00c1cido linoleico<br \/>\nContribuye para tener un pelaje sano y brillante<\/p>\n<p>Extracto de Yuca<br \/>\nFavorece el control del olor ambiental<\/p>\n<p>Pulpa de remolacha<br \/>\nAyuda a normalizar el tr\u00e1nsito intestinal y la digesti\u00f3n<\/p>\n<p>Croquetas crocantes<br \/>\nContribuyen a mantener dientes sin sarro y aliento fresco<\/p>\n","protected":false},"featured_media":976,"template":"","meta":{"site-sidebar-layout":"default","site-content-layout":"","ast-site-content-layout":"default","site-content-style":"default","site-sidebar-style":"default","ast-global-header-display":"","ast-banner-title-visibility":"","ast-main-header-display":"","ast-hfb-above-header-display":"","ast-hfb-below-header-display":"","ast-hfb-mobile-header-display":"","site-post-title":"","ast-breadcrumbs-content":"","ast-featured-img":"","footer-sml-layout":"","ast-disable-related-posts":"","theme-transparent-header-meta":"default","adv-header-id-meta":"","stick-header-meta":"","header-above-stick-meta":"","header-main-stick-meta":"","header-below-stick-meta":"","astra-migrate-meta-layouts":"set","ast-page-background-enabled":"default","ast-page-background-meta":{"desktop":{"background-color":"","background-image":"","background-repeat":"repeat","background-position":"center center","background-size":"auto","background-attachment":"scroll","background-type":"","background-media":"","overlay-type":"","overlay-color":"","overlay-opacity":"","overlay-gradient":""},"tablet":{"background-color":"","background-image":"","background-repeat":"repeat","background-position":"center center","background-size":"auto","background-attachment":"scroll","background-type":"","background-media":"","overlay-type":"","overlay-color":"","overlay-opacity":"","overlay-gradient":""},"mobile":{"background-color":"","background-image":"","background-repeat":"repeat","background-position":"center center","background-size":"auto","background-attachment":"scroll","background-type":"","background-media":"","overlay-type":"","overlay-color":"","overlay-opacity":"","overlay-gradient":""}},"ast-content-background-meta":{"desktop":{"background-color":"var(--ast-global-color-5)","background-image":"","background-repeat":"repeat","background-position":"center center","background-size":"auto","background-attachment":"scroll","background-type":"","background-media":"","overlay-type":"","overlay-color":"","overlay-opacity":"","overlay-gradient":""},"tablet":{"background-color":"var(--ast-global-color-5)","background-image":"","background-repeat":"repeat","background-position":"center center","background-size":"auto","background-attachment":"scroll","background-type":"","background-media":"","overlay-type":"","overlay-color":"","overlay-opacity":"","overlay-gradient":""},"mobile":{"background-color":"var(--ast-global-color-5)","background-image":"","background-repeat":"repeat","background-position":"center center","background-size":"auto","background-attachment":"scroll","background-type":"","background-media":"","overlay-type":"","overlay-color":"","overlay-opacity":"","overlay-gradient":""}}},"product_brand":[],"product_cat":[17,18],"product_tag":[43],"class_list":{"0":"post-798","1":"product","2":"type-product","3":"status-publish","4":"has-post-thumbnail","6":"product_cat-alimentos","7":"product_cat-perros","8":"product_tag-aliba","9":"desktop-align-left","10":"tablet-align-left","11":"mobile-align-left","13":"first","14":"instock","15":"shipping-taxable","16":"purchasable","17":"product-type-simple"},"_links":{"self":[{"href":"https:\/\/beitia.com.ar\/index.php\/wp-json\/wp\/v2\/product\/798","targetHints":{"allow":["GET"]}}],"collection":[{"href":"https:\/\/beitia.com.ar\/index.php\/wp-json\/wp\/v2\/product"}],"about":[{"href":"https:\/\/beitia.com.ar\/index.php\/wp-json\/wp\/v2\/types\/product"}],"wp:featuredmedia":[{"embeddable":true,"href":"https:\/\/beitia.com.ar\/index.php\/wp-json\/wp\/v2\/media\/976"}],"wp:attachment":[{"href":"https:\/\/beitia.com.ar\/index.php\/wp-json\/wp\/v2\/media?parent=798"}],"wp:term":[{"taxonomy":"product_brand","embeddable":true,"href":"https:\/\/beitia.com.ar\/index.php\/wp-json\/wp\/v2\/product_brand?post=798"},{"taxonomy":"product_cat","embeddable":true,"href":"https:\/\/beitia.com.ar\/index.php\/wp-json\/wp\/v2\/product_cat?post=798"},{"taxonomy":"product_tag","embeddable":true,"href":"https:\/\/beitia.com.ar\/index.php\/wp-json\/wp\/v2\/product_tag?post=798"}],"curies":[{"name":"wp","href":"https:\/\/api.w.org\/{rel}","templated":true}]}}