{"id":72,"date":"2020-08-14T14:46:44","date_gmt":"2020-08-14T14:46:44","guid":{"rendered":"http:\/\/beitia.com.ar\/?post_type=product&#038;p=72"},"modified":"2026-04-23T19:40:05","modified_gmt":"2026-04-23T22:40:05","slug":"smug","status":"publish","type":"product","link":"https:\/\/beitia.com.ar\/index.php\/producto\/smug\/","title":{"rendered":"Smug Perros 20kg."},"content":{"rendered":"<p>&nbsp;<\/p>\n<style>\n  table {<br \/>    border-collapse: collapse;<br \/>    width: 100%;<br \/>    border: 1px solid black;<br \/>  }<\/p>\n<p>  th, td {<br \/>    border: 1px solid black;<br \/>    padding: 8px;<br \/>    text-align: left;<br \/>  }<br \/><\/style>\n<p>&nbsp;<\/p>\n<h2>Informaci\u00f3n Nutricional &#8211; Smug<\/h2>\n<table>\n<tbody>\n<tr>\n<th>Nutriente<\/th>\n<th>Cantidad<\/th>\n<\/tr>\n<tr>\n<td>Prote\u00edna bruta (m\u00edn.)<\/td>\n<td>18%<\/td>\n<\/tr>\n<tr>\n<td>Extracto et\u00e9reo (m\u00edn.)<\/td>\n<td>7%<\/td>\n<\/tr>\n<tr>\n<td>Fibra cruda (m\u00e1x.)<\/td>\n<td>4%<\/td>\n<\/tr>\n<tr>\n<td>Minerales totales (m\u00e1x.)<\/td>\n<td>7%<\/td>\n<\/tr>\n<tr>\n<td>Calcio (m\u00edn. &#8211; m\u00e1x.)<\/td>\n<td>1.1% &#8211; 1.5%<\/td>\n<\/tr>\n<tr>\n<td>F\u00f3sforo (m\u00edn. &#8211; m\u00e1x.)<\/td>\n<td>0.9% &#8211; 1.1%<\/td>\n<\/tr>\n<tr>\n<td>Humedad (m\u00e1x.)<\/td>\n<td>10%<\/td>\n<\/tr>\n<tr>\n<td>Energ\u00eda Metabolizable S\/M.S.<\/td>\n<td>3500 Kcal.\/kg<\/td>\n<\/tr>\n<\/tbody>\n<\/table>\n<p>&nbsp;<\/p>\n","protected":false},"excerpt":{"rendered":"<div id=\"tab-description\" class=\"woocommerce-Tabs-panel woocommerce-Tabs-panel--description panel entry-content wc-tab\" role=\"tabpanel\" aria-labelledby=\"tab-title-description\">\n<div class=\"sub\">\n<h2>Alimento balanceado completo<br \/>\npara perros adultos<\/h2>\n<\/div>\n<div class=\"descripcion_larga\">\n<ul>\n<li>Croquetas crocantes para mantener dientes sin sarro y aliento fresco.<\/li>\n<li>Alta palatabilidad.<\/li>\n<li>Con \u00e1cido linoleico para mantener la piel el\u00e1stica y el pelaje sano y brillante.<\/li>\n<\/ul>\n<\/div>\n<\/div>\n","protected":false},"featured_media":76,"template":"","meta":{"site-sidebar-layout":"default","site-content-layout":"default","ast-site-content-layout":"default","site-content-style":"default","site-sidebar-style":"default","ast-global-header-display":"","ast-banner-title-visibility":"","ast-main-header-display":"","ast-hfb-above-header-display":"","ast-hfb-below-header-display":"","ast-hfb-mobile-header-display":"","site-post-title":"","ast-breadcrumbs-content":"","ast-featured-img":"","footer-sml-layout":"","ast-disable-related-posts":"","theme-transparent-header-meta":"default","adv-header-id-meta":"","stick-header-meta":"","header-above-stick-meta":"","header-main-stick-meta":"","header-below-stick-meta":"","astra-migrate-meta-layouts":"set","ast-page-background-enabled":"default","ast-page-background-meta":{"desktop":{"background-color":"","background-image":"","background-repeat":"repeat","background-position":"center center","background-size":"auto","background-attachment":"scroll","background-type":"","background-media":"","overlay-type":"","overlay-color":"","overlay-opacity":"","overlay-gradient":""},"tablet":{"background-color":"","background-image":"","background-repeat":"repeat","background-position":"center center","background-size":"auto","background-attachment":"scroll","background-type":"","background-media":"","overlay-type":"","overlay-color":"","overlay-opacity":"","overlay-gradient":""},"mobile":{"background-color":"","background-image":"","background-repeat":"repeat","background-position":"center center","background-size":"auto","background-attachment":"scroll","background-type":"","background-media":"","overlay-type":"","overlay-color":"","overlay-opacity":"","overlay-gradient":""}},"ast-content-background-meta":{"desktop":{"background-color":"var(--ast-global-color-5)","background-image":"","background-repeat":"repeat","background-position":"center center","background-size":"auto","background-attachment":"scroll","background-type":"","background-media":"","overlay-type":"","overlay-color":"","overlay-opacity":"","overlay-gradient":""},"tablet":{"background-color":"var(--ast-global-color-5)","background-image":"","background-repeat":"repeat","background-position":"center center","background-size":"auto","background-attachment":"scroll","background-type":"","background-media":"","overlay-type":"","overlay-color":"","overlay-opacity":"","overlay-gradient":""},"mobile":{"background-color":"var(--ast-global-color-5)","background-image":"","background-repeat":"repeat","background-position":"center center","background-size":"auto","background-attachment":"scroll","background-type":"","background-media":"","overlay-type":"","overlay-color":"","overlay-opacity":"","overlay-gradient":""}}},"product_brand":[],"product_cat":[17,18],"product_tag":[43,44],"class_list":{"0":"post-72","1":"product","2":"type-product","3":"status-publish","4":"has-post-thumbnail","6":"product_cat-alimentos","7":"product_cat-perros","8":"product_tag-aliba","9":"product_tag-carrusel","10":"desktop-align-left","11":"tablet-align-left","12":"mobile-align-left","14":"first","15":"instock","16":"shipping-taxable","17":"purchasable","18":"product-type-simple"},"_links":{"self":[{"href":"https:\/\/beitia.com.ar\/index.php\/wp-json\/wp\/v2\/product\/72","targetHints":{"allow":["GET"]}}],"collection":[{"href":"https:\/\/beitia.com.ar\/index.php\/wp-json\/wp\/v2\/product"}],"about":[{"href":"https:\/\/beitia.com.ar\/index.php\/wp-json\/wp\/v2\/types\/product"}],"wp:featuredmedia":[{"embeddable":true,"href":"https:\/\/beitia.com.ar\/index.php\/wp-json\/wp\/v2\/media\/76"}],"wp:attachment":[{"href":"https:\/\/beitia.com.ar\/index.php\/wp-json\/wp\/v2\/media?parent=72"}],"wp:term":[{"taxonomy":"product_brand","embeddable":true,"href":"https:\/\/beitia.com.ar\/index.php\/wp-json\/wp\/v2\/product_brand?post=72"},{"taxonomy":"product_cat","embeddable":true,"href":"https:\/\/beitia.com.ar\/index.php\/wp-json\/wp\/v2\/product_cat?post=72"},{"taxonomy":"product_tag","embeddable":true,"href":"https:\/\/beitia.com.ar\/index.php\/wp-json\/wp\/v2\/product_tag?post=72"}],"curies":[{"name":"wp","href":"https:\/\/api.w.org\/{rel}","templated":true}]}}