{"id":1047,"date":"2025-06-02T19:15:39","date_gmt":"2025-06-02T22:15:39","guid":{"rendered":"https:\/\/beitia.com.ar\/?post_type=product&#038;p=1047"},"modified":"2026-03-16T09:28:19","modified_gmt":"2026-03-16T12:28:19","slug":"excellent-gatos-adultos-3kg","status":"publish","type":"product","link":"https:\/\/beitia.com.ar\/index.php\/producto\/excellent-gatos-adultos-3kg\/","title":{"rendered":"EXCELLENT CAT 3KG.ADULT"},"content":{"rendered":"<p>&nbsp;<\/p>\n<style>\n  table {<br \/>    border-collapse: collapse;<br \/>    width: 50%;<br \/>    margin: auto;<br \/>    margin-top: 20px;<br \/>    text-align: left;<br \/>  }<\/p>\n<p>  th, td {<br \/>    padding: 8px;<br \/>    border-bottom: 1px solid #ddd;<br \/>  }<\/p>\n<p>  th {<br \/>    background-color: #f2f2f2;<br \/>  }<br \/><\/style>\n<p>&nbsp;<\/p>\n<h2>Valor Nutricional &#8211; Excellent Adultos<\/h2>\n<table>\n<tbody>\n<tr>\n<th>Nutriente<\/th>\n<th>Valor M\u00ednimo<\/th>\n<th>Valor M\u00e1ximo<\/th>\n<\/tr>\n<tr>\n<td>Prote\u00edna Bruta<\/td>\n<td>33,0%<\/td>\n<td>&#8211;<\/td>\n<\/tr>\n<tr>\n<td>Extracto Et\u00e9reo<\/td>\n<td>13,0%<\/td>\n<td>&#8211;<\/td>\n<\/tr>\n<tr>\n<td>Fibra Bruta<\/td>\n<td>&#8211;<\/td>\n<td>3,0%<\/td>\n<\/tr>\n<tr>\n<td>Humedad<\/td>\n<td>&#8211;<\/td>\n<td>12,0%<\/td>\n<\/tr>\n<tr>\n<td>Minerales<\/td>\n<td>&#8211;<\/td>\n<td>9,5%<\/td>\n<\/tr>\n<tr>\n<td>Calcio<\/td>\n<td>1,0%<\/td>\n<td>1,6%<\/td>\n<\/tr>\n<tr>\n<td>F\u00f3sforo<\/td>\n<td>0,9%<\/td>\n<td>1,5%<\/td>\n<\/tr>\n<\/tbody>\n<\/table>\n<p>&nbsp;<\/p>\n","protected":false},"excerpt":{"rendered":"<p>PURINA\u00ae Excellent\u00ae Adulto Pollo y Arroz, ofrece una f\u00f3rmula con una \u00f3ptima combinaci\u00f3n de ingredientes, prote\u00ednas de alta digestibilidad y \u00e1cidos grasos omega 3 y 6, para mantener al m\u00e1ximo la salud del gato adulto.<\/p>\n","protected":false},"featured_media":870,"template":"","meta":{"site-sidebar-layout":"default","site-content-layout":"","ast-site-content-layout":"default","site-content-style":"default","site-sidebar-style":"default","ast-global-header-display":"","ast-banner-title-visibility":"","ast-main-header-display":"","ast-hfb-above-header-display":"","ast-hfb-below-header-display":"","ast-hfb-mobile-header-display":"","site-post-title":"","ast-breadcrumbs-content":"","ast-featured-img":"","footer-sml-layout":"","ast-disable-related-posts":"","theme-transparent-header-meta":"default","adv-header-id-meta":"","stick-header-meta":"","header-above-stick-meta":"","header-main-stick-meta":"","header-below-stick-meta":"","astra-migrate-meta-layouts":"set","ast-page-background-enabled":"default","ast-page-background-meta":{"desktop":{"background-color":"","background-image":"","background-repeat":"repeat","background-position":"center center","background-size":"auto","background-attachment":"scroll","background-type":"","background-media":"","overlay-type":"","overlay-color":"","overlay-opacity":"","overlay-gradient":""},"tablet":{"background-color":"","background-image":"","background-repeat":"repeat","background-position":"center center","background-size":"auto","background-attachment":"scroll","background-type":"","background-media":"","overlay-type":"","overlay-color":"","overlay-opacity":"","overlay-gradient":""},"mobile":{"background-color":"","background-image":"","background-repeat":"repeat","background-position":"center center","background-size":"auto","background-attachment":"scroll","background-type":"","background-media":"","overlay-type":"","overlay-color":"","overlay-opacity":"","overlay-gradient":""}},"ast-content-background-meta":{"desktop":{"background-color":"var(--ast-global-color-5)","background-image":"","background-repeat":"repeat","background-position":"center center","background-size":"auto","background-attachment":"scroll","background-type":"","background-media":"","overlay-type":"","overlay-color":"","overlay-opacity":"","overlay-gradient":""},"tablet":{"background-color":"var(--ast-global-color-5)","background-image":"","background-repeat":"repeat","background-position":"center center","background-size":"auto","background-attachment":"scroll","background-type":"","background-media":"","overlay-type":"","overlay-color":"","overlay-opacity":"","overlay-gradient":""},"mobile":{"background-color":"var(--ast-global-color-5)","background-image":"","background-repeat":"repeat","background-position":"center center","background-size":"auto","background-attachment":"scroll","background-type":"","background-media":"","overlay-type":"","overlay-color":"","overlay-opacity":"","overlay-gradient":""}}},"product_brand":[],"product_cat":[17,19],"product_tag":[44],"class_list":{"0":"post-1047","1":"product","2":"type-product","3":"status-publish","4":"has-post-thumbnail","6":"product_cat-alimentos","7":"product_cat-gatos","8":"product_tag-carrusel","9":"desktop-align-left","10":"tablet-align-left","11":"mobile-align-left","13":"first","14":"instock","15":"shipping-taxable","16":"purchasable","17":"product-type-simple"},"_links":{"self":[{"href":"https:\/\/beitia.com.ar\/index.php\/wp-json\/wp\/v2\/product\/1047","targetHints":{"allow":["GET"]}}],"collection":[{"href":"https:\/\/beitia.com.ar\/index.php\/wp-json\/wp\/v2\/product"}],"about":[{"href":"https:\/\/beitia.com.ar\/index.php\/wp-json\/wp\/v2\/types\/product"}],"wp:featuredmedia":[{"embeddable":true,"href":"https:\/\/beitia.com.ar\/index.php\/wp-json\/wp\/v2\/media\/870"}],"wp:attachment":[{"href":"https:\/\/beitia.com.ar\/index.php\/wp-json\/wp\/v2\/media?parent=1047"}],"wp:term":[{"taxonomy":"product_brand","embeddable":true,"href":"https:\/\/beitia.com.ar\/index.php\/wp-json\/wp\/v2\/product_brand?post=1047"},{"taxonomy":"product_cat","embeddable":true,"href":"https:\/\/beitia.com.ar\/index.php\/wp-json\/wp\/v2\/product_cat?post=1047"},{"taxonomy":"product_tag","embeddable":true,"href":"https:\/\/beitia.com.ar\/index.php\/wp-json\/wp\/v2\/product_tag?post=1047"}],"curies":[{"name":"wp","href":"https:\/\/api.w.org\/{rel}","templated":true}]}}