{"id":1042,"date":"2025-06-02T19:14:01","date_gmt":"2025-06-02T22:14:01","guid":{"rendered":"https:\/\/beitia.com.ar\/?post_type=product&#038;p=1042"},"modified":"2026-03-23T09:36:15","modified_gmt":"2026-03-23T12:36:15","slug":"cat-selection-1kg","status":"publish","type":"product","link":"https:\/\/beitia.com.ar\/index.php\/producto\/cat-selection-1kg\/","title":{"rendered":"CAT SELECTION 1KG."},"content":{"rendered":"<div class=\"has_eae_slider elementor-element elementor-element-19f6792 e-con-full e-flex e-con e-child\" data-id=\"19f6792\" data-element_type=\"container\">\n<div class=\"has_eae_slider elementor-element elementor-element-71aca71 e-con-full e-flex e-con e-child\" data-id=\"71aca71\" data-element_type=\"container\">\n<div class=\"elementor-element elementor-element-8bf01d0 elementor-widget elementor-widget-heading\" data-id=\"8bf01d0\" data-element_type=\"widget\" data-widget_type=\"heading.default\">\n<div class=\"elementor-widget-container\">\n<h2 class=\"elementor-heading-title elementor-size-default\">M\u00e1xima salud urinaria<\/h2>\n<\/div>\n<\/div>\n<div class=\"elementor-element elementor-element-1a4c71b elementor-widget elementor-widget-text-editor\" data-id=\"1a4c71b\" data-element_type=\"widget\" data-widget_type=\"text-editor.default\">\n<div class=\"elementor-widget-container\">CAT SELECTION est\u00e1 especialmente formulado para lograr niveles bajos de acidez en la orina y evitar la formaci\u00f3n de cristales (urolitos) causantes de la Enfermedad de las V\u00edas Urinarias Inferiores Felinas (conocida por sus siglas en ingl\u00e9s FLUTD, Feline Low Urinary Tract Disease).<\/div>\n<\/div>\n<\/div>\n<div class=\"elementor-element elementor-element-481cf83 elementor-widget elementor-widget-image\" data-id=\"481cf83\" data-element_type=\"widget\" data-widget_type=\"image.default\">\n<div class=\"elementor-widget-container\"><\/div>\n<\/div>\n<\/div>\n<div class=\"has_eae_slider elementor-element elementor-element-cfbbdd3 e-con-full e-flex e-con e-child\" data-id=\"cfbbdd3\" data-element_type=\"container\">\n<div class=\"elementor-element elementor-element-c942dc9 elementor-widget elementor-widget-heading\" data-id=\"c942dc9\" data-element_type=\"widget\" data-widget_type=\"heading.default\">\n<div class=\"elementor-widget-container\">\n<h2 class=\"elementor-heading-title elementor-size-default\">Sistema inmunol\u00f3gico fuerte<\/h2>\n<\/div>\n<\/div>\n<div class=\"elementor-element elementor-element-58bee4b elementor-widget elementor-widget-text-editor\" data-id=\"58bee4b\" data-element_type=\"widget\" data-widget_type=\"text-editor.default\">\n<div class=\"elementor-widget-container\">Los antioxidantes como la vitamina E (tocoferoles) y el \u00e1cido asc\u00f3rbico (vitamina C), junto con la levadura de cerveza hidrolizada que constituye una importante fuente de beta-glucanos y otros componentes funcionales, refuerzan el sistema inmunol\u00f3gico retardando la acci\u00f3n oxidativa y reduciendo los efectos del envejecimiento.<\/div>\n<\/div>\n<\/div>\n<div class=\"has_eae_slider dce-visibility-event elementor-element elementor-element-a5f15a9 e-con-full e-flex e-con e-child dce-visibility-event-initialized\" data-id=\"a5f15a9\" data-element_type=\"container\" data-settings=\"{&quot;enabled_visibility&quot;:&quot;yes&quot;,&quot;dce_visibility_selected&quot;:&quot;hide&quot;}\">\n<div class=\"has_eae_slider elementor-element elementor-element-c6ce2d6 e-con-full e-flex e-con e-child\" data-id=\"c6ce2d6\" data-element_type=\"container\"><\/div>\n<\/div>\n<div class=\"has_eae_slider elementor-element elementor-element-8094422 e-con-full e-flex e-con e-child\" data-id=\"8094422\" data-element_type=\"container\">\n<div class=\"elementor-element elementor-element-9395fc9 elementor-widget elementor-widget-heading\" data-id=\"9395fc9\" data-element_type=\"widget\" data-widget_type=\"heading.default\">\n<div class=\"elementor-widget-container\">\n<h2 class=\"elementor-heading-title elementor-size-default\">Salud dermatol\u00f3gica<\/h2>\n<\/div>\n<\/div>\n<div class=\"elementor-element elementor-element-0b50883 elementor-widget elementor-widget-text-editor\" data-id=\"0b50883\" data-element_type=\"widget\" data-widget_type=\"text-editor.default\">\n<div class=\"elementor-widget-container\">Las prote\u00ednas de alta calidad en conjunto con vitaminas, minerales y \u00e1cidos grasos ricos en Omega 3 y Omega 6 (aportados principalmente por el aceite de pollo y de pescado) favorecen el mantenimiento de una piel sana GATOS y de un pelo fuerte y brillante.<\/div>\n<\/div>\n<\/div>\n","protected":false},"excerpt":{"rendered":"<p>M\u00e1xima salud urinaria CAT SELECTION est\u00e1 especialmente formulado para lograr niveles bajos de acidez en la orina y evitar la formaci\u00f3n de cristales (urolitos) causantes de la Enfermedad de las V\u00edas Urinarias Inferiores Felinas (conocida por sus siglas en ingl\u00e9s FLUTD, Feline Low Urinary Tract Disease). Sistema inmunol\u00f3gico fuerte Los antioxidantes como la vitamina E [&hellip;]<\/p>\n","protected":false},"featured_media":1046,"template":"","meta":{"site-sidebar-layout":"default","site-content-layout":"","ast-site-content-layout":"default","site-content-style":"default","site-sidebar-style":"default","ast-global-header-display":"","ast-banner-title-visibility":"","ast-main-header-display":"","ast-hfb-above-header-display":"","ast-hfb-below-header-display":"","ast-hfb-mobile-header-display":"","site-post-title":"","ast-breadcrumbs-content":"","ast-featured-img":"","footer-sml-layout":"","ast-disable-related-posts":"","theme-transparent-header-meta":"default","adv-header-id-meta":"","stick-header-meta":"","header-above-stick-meta":"","header-main-stick-meta":"","header-below-stick-meta":"","astra-migrate-meta-layouts":"set","ast-page-background-enabled":"default","ast-page-background-meta":{"desktop":{"background-color":"","background-image":"","background-repeat":"repeat","background-position":"center center","background-size":"auto","background-attachment":"scroll","background-type":"","background-media":"","overlay-type":"","overlay-color":"","overlay-opacity":"","overlay-gradient":""},"tablet":{"background-color":"","background-image":"","background-repeat":"repeat","background-position":"center center","background-size":"auto","background-attachment":"scroll","background-type":"","background-media":"","overlay-type":"","overlay-color":"","overlay-opacity":"","overlay-gradient":""},"mobile":{"background-color":"","background-image":"","background-repeat":"repeat","background-position":"center center","background-size":"auto","background-attachment":"scroll","background-type":"","background-media":"","overlay-type":"","overlay-color":"","overlay-opacity":"","overlay-gradient":""}},"ast-content-background-meta":{"desktop":{"background-color":"var(--ast-global-color-5)","background-image":"","background-repeat":"repeat","background-position":"center center","background-size":"auto","background-attachment":"scroll","background-type":"","background-media":"","overlay-type":"","overlay-color":"","overlay-opacity":"","overlay-gradient":""},"tablet":{"background-color":"var(--ast-global-color-5)","background-image":"","background-repeat":"repeat","background-position":"center center","background-size":"auto","background-attachment":"scroll","background-type":"","background-media":"","overlay-type":"","overlay-color":"","overlay-opacity":"","overlay-gradient":""},"mobile":{"background-color":"var(--ast-global-color-5)","background-image":"","background-repeat":"repeat","background-position":"center center","background-size":"auto","background-attachment":"scroll","background-type":"","background-media":"","overlay-type":"","overlay-color":"","overlay-opacity":"","overlay-gradient":""}}},"product_brand":[],"product_cat":[17,19],"product_tag":[],"class_list":{"0":"post-1042","1":"product","2":"type-product","3":"status-publish","4":"has-post-thumbnail","6":"product_cat-alimentos","7":"product_cat-gatos","8":"desktop-align-left","9":"tablet-align-left","10":"mobile-align-left","12":"first","13":"instock","14":"shipping-taxable","15":"purchasable","16":"product-type-simple"},"_links":{"self":[{"href":"https:\/\/beitia.com.ar\/index.php\/wp-json\/wp\/v2\/product\/1042","targetHints":{"allow":["GET"]}}],"collection":[{"href":"https:\/\/beitia.com.ar\/index.php\/wp-json\/wp\/v2\/product"}],"about":[{"href":"https:\/\/beitia.com.ar\/index.php\/wp-json\/wp\/v2\/types\/product"}],"wp:featuredmedia":[{"embeddable":true,"href":"https:\/\/beitia.com.ar\/index.php\/wp-json\/wp\/v2\/media\/1046"}],"wp:attachment":[{"href":"https:\/\/beitia.com.ar\/index.php\/wp-json\/wp\/v2\/media?parent=1042"}],"wp:term":[{"taxonomy":"product_brand","embeddable":true,"href":"https:\/\/beitia.com.ar\/index.php\/wp-json\/wp\/v2\/product_brand?post=1042"},{"taxonomy":"product_cat","embeddable":true,"href":"https:\/\/beitia.com.ar\/index.php\/wp-json\/wp\/v2\/product_cat?post=1042"},{"taxonomy":"product_tag","embeddable":true,"href":"https:\/\/beitia.com.ar\/index.php\/wp-json\/wp\/v2\/product_tag?post=1042"}],"curies":[{"name":"wp","href":"https:\/\/api.w.org\/{rel}","templated":true}]}}