{"id":1022,"date":"2025-06-02T18:49:33","date_gmt":"2025-06-02T21:49:33","guid":{"rendered":"https:\/\/beitia.com.ar\/?post_type=product&#038;p=1022"},"modified":"2026-01-19T18:14:44","modified_gmt":"2026-01-19T21:14:44","slug":"old-prince-gato-3kg-urinary","status":"publish","type":"product","link":"https:\/\/beitia.com.ar\/index.php\/producto\/old-prince-gato-3kg-urinary\/","title":{"rendered":"Old Prince Equilibrium Gato 3kg Urinary"},"content":{"rendered":"<div class=\"elementor-element elementor-element-04836a4 elementor-widget elementor-widget-heading\" data-id=\"04836a4\" data-element_type=\"widget\" data-widget_type=\"heading.default\">\n<div class=\"elementor-widget-container\">\n<h2 class=\"elementor-heading-title elementor-size-default\">Ingredientes<\/h2>\n<\/div>\n<\/div>\n<div class=\"elementor-element elementor-element-fa966c3 elementor-widget elementor-widget-text-editor\" data-id=\"fa966c3\" data-element_type=\"widget\" data-widget_type=\"text-editor.default\">\n<div class=\"elementor-widget-container\">\n<p>Harina de pollo, arroz, gluten de ma\u00edz, alb\u00famina en polvo, trigo, grasa animal (pollo), aceite de pescado (fuente de omega 3), hidrolizado proteico de menudencias porcinas, pulpa de remolacha (fuente de fructo-oligosac\u00e1ridos \u2013 FOS), levadura de cerveza, fuente de fibra insoluble (celulosa), sal, acidificante en polvo (bisulfato \u00e1cido de sodio), extracto de yucca schidigera, manano-oligosac\u00e1ridos \u2013 MOS, nucle\u00f3tidos de levadura, carbonato de calcio, dipropionato de amonio, \u00e1cido propi\u00f3nico, pirofosfato \u00e1cido de sodio, glucosamina, condroitin sulfato, col\u00e1geno hidrolizado, L-carnitina, metionina, antioxidantes naturales: extracto de romero, \u00e1cido c\u00edtrico, vitamina C, betacaroteno, lute\u00edna, polifenoles, taurina, vitaminas: A, D3, E, K, B1, B2, B6, B12, \u00e1cido f\u00f3lico, \u00e1cido nicot\u00ednico, pantotenato de calcio, biotina, colina, minerales: zinc, hierro, cobre, manganeso, yodo, selenio<\/p>\n<\/div>\n<\/div>\n","protected":false},"excerpt":{"rendered":"<p>Ingredientes Harina de pollo, arroz, gluten de ma\u00edz, alb\u00famina en polvo, trigo, grasa animal (pollo), aceite de pescado (fuente de omega 3), hidrolizado proteico de menudencias porcinas, pulpa de remolacha (fuente de fructo-oligosac\u00e1ridos \u2013 FOS), levadura de cerveza, fuente de fibra insoluble (celulosa), sal, acidificante en polvo (bisulfato \u00e1cido de sodio), extracto de yucca schidigera, [&hellip;]<\/p>\n","protected":false},"featured_media":1023,"template":"","meta":{"site-sidebar-layout":"default","site-content-layout":"","ast-site-content-layout":"default","site-content-style":"default","site-sidebar-style":"default","ast-global-header-display":"","ast-banner-title-visibility":"","ast-main-header-display":"","ast-hfb-above-header-display":"","ast-hfb-below-header-display":"","ast-hfb-mobile-header-display":"","site-post-title":"","ast-breadcrumbs-content":"","ast-featured-img":"","footer-sml-layout":"","ast-disable-related-posts":"","theme-transparent-header-meta":"default","adv-header-id-meta":"","stick-header-meta":"","header-above-stick-meta":"","header-main-stick-meta":"","header-below-stick-meta":"","astra-migrate-meta-layouts":"set","ast-page-background-enabled":"default","ast-page-background-meta":{"desktop":{"background-color":"","background-image":"","background-repeat":"repeat","background-position":"center center","background-size":"auto","background-attachment":"scroll","background-type":"","background-media":"","overlay-type":"","overlay-color":"","overlay-opacity":"","overlay-gradient":""},"tablet":{"background-color":"","background-image":"","background-repeat":"repeat","background-position":"center center","background-size":"auto","background-attachment":"scroll","background-type":"","background-media":"","overlay-type":"","overlay-color":"","overlay-opacity":"","overlay-gradient":""},"mobile":{"background-color":"","background-image":"","background-repeat":"repeat","background-position":"center center","background-size":"auto","background-attachment":"scroll","background-type":"","background-media":"","overlay-type":"","overlay-color":"","overlay-opacity":"","overlay-gradient":""}},"ast-content-background-meta":{"desktop":{"background-color":"var(--ast-global-color-5)","background-image":"","background-repeat":"repeat","background-position":"center center","background-size":"auto","background-attachment":"scroll","background-type":"","background-media":"","overlay-type":"","overlay-color":"","overlay-opacity":"","overlay-gradient":""},"tablet":{"background-color":"var(--ast-global-color-5)","background-image":"","background-repeat":"repeat","background-position":"center center","background-size":"auto","background-attachment":"scroll","background-type":"","background-media":"","overlay-type":"","overlay-color":"","overlay-opacity":"","overlay-gradient":""},"mobile":{"background-color":"var(--ast-global-color-5)","background-image":"","background-repeat":"repeat","background-position":"center center","background-size":"auto","background-attachment":"scroll","background-type":"","background-media":"","overlay-type":"","overlay-color":"","overlay-opacity":"","overlay-gradient":""}}},"product_brand":[],"product_cat":[17,19],"product_tag":[],"class_list":{"0":"post-1022","1":"product","2":"type-product","3":"status-publish","4":"has-post-thumbnail","6":"product_cat-alimentos","7":"product_cat-gatos","8":"desktop-align-left","9":"tablet-align-left","10":"mobile-align-left","12":"first","13":"instock","14":"shipping-taxable","15":"purchasable","16":"product-type-simple"},"_links":{"self":[{"href":"https:\/\/beitia.com.ar\/index.php\/wp-json\/wp\/v2\/product\/1022","targetHints":{"allow":["GET"]}}],"collection":[{"href":"https:\/\/beitia.com.ar\/index.php\/wp-json\/wp\/v2\/product"}],"about":[{"href":"https:\/\/beitia.com.ar\/index.php\/wp-json\/wp\/v2\/types\/product"}],"wp:featuredmedia":[{"embeddable":true,"href":"https:\/\/beitia.com.ar\/index.php\/wp-json\/wp\/v2\/media\/1023"}],"wp:attachment":[{"href":"https:\/\/beitia.com.ar\/index.php\/wp-json\/wp\/v2\/media?parent=1022"}],"wp:term":[{"taxonomy":"product_brand","embeddable":true,"href":"https:\/\/beitia.com.ar\/index.php\/wp-json\/wp\/v2\/product_brand?post=1022"},{"taxonomy":"product_cat","embeddable":true,"href":"https:\/\/beitia.com.ar\/index.php\/wp-json\/wp\/v2\/product_cat?post=1022"},{"taxonomy":"product_tag","embeddable":true,"href":"https:\/\/beitia.com.ar\/index.php\/wp-json\/wp\/v2\/product_tag?post=1022"}],"curies":[{"name":"wp","href":"https:\/\/api.w.org\/{rel}","templated":true}]}}