{"id":854,"date":"2023-08-19T12:06:49","date_gmt":"2023-08-19T15:06:49","guid":{"rendered":"http:\/\/beitia.com.ar\/?page_id=854"},"modified":"2023-08-26T09:40:41","modified_gmt":"2023-08-26T12:40:41","slug":"porciones-recomendadas","status":"publish","type":"page","link":"https:\/\/beitia.com.ar\/index.php\/inicio\/porciones-recomendadas\/","title":{"rendered":"Porciones recomendadas."},"content":{"rendered":"\t\t<div data-elementor-type=\"wp-page\" data-elementor-id=\"854\" class=\"elementor elementor-854\">\n\t\t\t\t\t\t<section class=\"elementor-section elementor-top-section elementor-element elementor-element-281530ed elementor-section-boxed elementor-section-height-default elementor-section-height-default\" data-id=\"281530ed\" data-element_type=\"section\" data-e-type=\"section\">\n\t\t\t\t\t\t<div class=\"elementor-container elementor-column-gap-default\">\n\t\t\t\t\t<div class=\"elementor-column elementor-col-100 elementor-top-column elementor-element elementor-element-7fc0d8f8\" data-id=\"7fc0d8f8\" data-element_type=\"column\" data-e-type=\"column\">\n\t\t\t<div class=\"elementor-widget-wrap elementor-element-populated\">\n\t\t\t\t\t\t<div class=\"elementor-element elementor-element-14e1e7ca elementor-widget elementor-widget-text-editor\" data-id=\"14e1e7ca\" data-element_type=\"widget\" data-e-type=\"widget\" data-widget_type=\"text-editor.default\">\n\t\t\t\t<div class=\"elementor-widget-container\">\n\t\t\t\t\t\t\t\t\t\n<!DOCTYPE html>\n<html>\n<head>\n    <title>Porciones y Frecuencia Sugerida de Alimento Diario para Perros<\/title>\n    <style>\n        body {\n            text-align: center;\n        }\n        \n        h1 {\n            margin-bottom: 20px;\n        }\n        \n        table {\n            margin: 0 auto;\n        }\n    <\/style>\n<\/head>\n<body>\n    <h1>Porciones y Frecuencia Sugerida de Alimento Diario para Perros<\/h1>\n    <br><br>\n    <table border=\"1\">\n        <tr>\n            <th>Peso del Perro (kg)<\/th>\n            <th>Porci\u00f3n Sugerida por Comida (gramos)<\/th>\n            <th>Frecuencia Sugerida de Comidas<\/th>\n        <\/tr>\n        <tr>\n            <td>1 &#8211; 5<\/td>\n            <td>50 &#8211; 100<\/td>\n            <td>2 &#8211; 3 veces al d\u00eda<\/td>\n        <\/tr>\n        <tr>\n            <td>6 &#8211; 10<\/td>\n            <td>110 &#8211; 180<\/td>\n            <td>2 veces al d\u00eda<\/td>\n        <\/tr>\n        <tr>\n            <td>11 &#8211; 20<\/td>\n            <td>190 &#8211; 300<\/td>\n            <td>2 veces al d\u00eda<\/td>\n        <\/tr>\n        <tr>\n            <td>21 &#8211; 30<\/td>\n            <td>310 &#8211; 420<\/td>\n            <td>2 veces al d\u00eda<\/td>\n        <\/tr>\n        <tr>\n            <td>31 &#8211; 40<\/td>\n            <td>430 &#8211; 530<\/td>\n            <td>2 veces al d\u00eda<\/td>\n        <\/tr>\n        <tr>\n            <td>41 &#8211; 50<\/td>\n            <td>540 &#8211; 640<\/td>\n            <td>2 veces al d\u00eda<\/td>\n        <\/tr>\n        <tr>\n            <td>51 &#8211; 60<\/td>\n            <td>650 &#8211; 740<\/td>\n            <td>2 veces al d\u00eda<\/td>\n        <\/tr>\n        <tr>\n            <td>61 &#8211; 70<\/td>\n            <td>750 &#8211; 830<\/td>\n            <td>2 veces al d\u00eda<\/td>\n        <\/tr>\n    <\/table>\n    <br>\n    <p>Estas porciones y frecuencias son solo sugerencias. Ajusta la cantidad y frecuencia seg\u00fan las necesidades individuales de tu perro.<\/p>\n    <p>Recuerda que siempre es importante observar a tu perro para asegurarte de que est\u00e1 manteniendo un peso saludable y ajustar las porciones y la frecuencia seg\u00fan sea necesario. Si tienes dudas espec\u00edficas sobre la alimentaci\u00f3n de tu perro, es recomendable consultar con un veterinario.<\/p>\n<\/body>\n<\/html>\n\n\n\n\n<!DOCTYPE html>\n<html>\n<head>\n    <title>Porciones y Frecuencia Sugerida de Alimento Diario para Gatos<\/title>\n    <style>\n        body {\n            text-align: center;\n        }\n        \n        h1 {\n            margin-bottom: 20px;\n        }\n        \n        table {\n            margin: 0 auto;\n        }\n    <\/style>\n<\/head>\n<body>\n    <h1>Porciones y Frecuencia Sugerida de Alimento Diario para Gatos<\/h1>\n    <br><br>\n    <table border=\"1\">\n        <tr>\n            <th>Peso del Gato (kg)<\/th>\n            <th>Porci\u00f3n Sugerida por Comida (gramos)<\/th>\n            <th>Frecuencia Sugerida de Comidas<\/th>\n        <\/tr>\n        <tr>\n            <td>1 &#8211; 3<\/td>\n            <td>20 &#8211; 50<\/td>\n            <td>3 &#8211; 4 veces al d\u00eda<\/td>\n        <\/tr>\n        <tr>\n            <td>3.1 &#8211; 5<\/td>\n            <td>50 &#8211; 70<\/td>\n            <td>3 &#8211; 4 veces al d\u00eda<\/td>\n        <\/tr>\n        <tr>\n            <td>5.1 &#8211; 7<\/td>\n            <td>70 &#8211; 90<\/td>\n            <td>2 &#8211; 3 veces al d\u00eda<\/td>\n        <\/tr>\n        <tr>\n            <td>7.1 &#8211; 9<\/td>\n            <td>90 &#8211; 110<\/td>\n            <td>2 &#8211; 3 veces al d\u00eda<\/td>\n        <\/tr>\n        <tr>\n            <td>9.1 &#8211; 11<\/td>\n            <td>110 &#8211; 130<\/td>\n            <td>2 veces al d\u00eda<\/td>\n        <\/tr>\n    <\/table>\n    <br>\n    <p>Estas porciones y frecuencias son solo sugerencias. Ajusta la cantidad y frecuencia seg\u00fan las necesidades individuales de tu gato.<\/p>\n    <p>Recuerda que siempre es importante observar a tu gato para asegurarte de que est\u00e1 manteniendo un peso saludable y ajustar las porciones y la frecuencia seg\u00fan sea necesario. Si tienes dudas espec\u00edficas sobre la alimentaci\u00f3n de tu gato, es recomendable consultar con un veterinario.<\/p>\n<\/body>\n<\/html>\n\n\t\t\t\t\t\t\t\t<\/div>\n\t\t\t\t<\/div>\n\t\t\t\t\t<\/div>\n\t\t<\/div>\n\t\t\t\t\t<\/div>\n\t\t<\/section>\n\t\t\t\t<\/div>\n\t\t","protected":false},"excerpt":{"rendered":"<p>Porciones y Frecuencia Sugerida de Alimento Diario para Perros Porciones y Frecuencia Sugerida de Alimento Diario para Perros Peso del Perro (kg) Porci\u00f3n Sugerida por Comida (gramos) Frecuencia Sugerida de Comidas 1 &#8211; 5 50 &#8211; 100 2 &#8211; 3 veces al d\u00eda 6 &#8211; 10 110 &#8211; 180 2 veces al d\u00eda 11 &#8211; [&hellip;]<\/p>\n","protected":false},"author":1,"featured_media":0,"parent":16,"menu_order":0,"comment_status":"closed","ping_status":"closed","template":"","meta":{"site-sidebar-layout":"default","site-content-layout":"","ast-site-content-layout":"default","site-content-style":"default","site-sidebar-style":"default","ast-global-header-display":"","ast-banner-title-visibility":"","ast-main-header-display":"","ast-hfb-above-header-display":"","ast-hfb-below-header-display":"","ast-hfb-mobile-header-display":"","site-post-title":"","ast-breadcrumbs-content":"","ast-featured-img":"","footer-sml-layout":"","ast-disable-related-posts":"","theme-transparent-header-meta":"","adv-header-id-meta":"","stick-header-meta":"","header-above-stick-meta":"","header-main-stick-meta":"","header-below-stick-meta":"","astra-migrate-meta-layouts":"set","ast-page-background-enabled":"default","ast-page-background-meta":{"desktop":{"background-color":"","background-image":"","background-repeat":"repeat","background-position":"center center","background-size":"auto","background-attachment":"scroll","background-type":"","background-media":"","overlay-type":"","overlay-color":"","overlay-opacity":"","overlay-gradient":""},"tablet":{"background-color":"","background-image":"","background-repeat":"repeat","background-position":"center center","background-size":"auto","background-attachment":"scroll","background-type":"","background-media":"","overlay-type":"","overlay-color":"","overlay-opacity":"","overlay-gradient":""},"mobile":{"background-color":"","background-image":"","background-repeat":"repeat","background-position":"center center","background-size":"auto","background-attachment":"scroll","background-type":"","background-media":"","overlay-type":"","overlay-color":"","overlay-opacity":"","overlay-gradient":""}},"ast-content-background-meta":{"desktop":{"background-color":"var(--ast-global-color-5)","background-image":"","background-repeat":"repeat","background-position":"center center","background-size":"auto","background-attachment":"scroll","background-type":"","background-media":"","overlay-type":"","overlay-color":"","overlay-opacity":"","overlay-gradient":""},"tablet":{"background-color":"var(--ast-global-color-5)","background-image":"","background-repeat":"repeat","background-position":"center center","background-size":"auto","background-attachment":"scroll","background-type":"","background-media":"","overlay-type":"","overlay-color":"","overlay-opacity":"","overlay-gradient":""},"mobile":{"background-color":"var(--ast-global-color-5)","background-image":"","background-repeat":"repeat","background-position":"center center","background-size":"auto","background-attachment":"scroll","background-type":"","background-media":"","overlay-type":"","overlay-color":"","overlay-opacity":"","overlay-gradient":""}},"footnotes":""},"class_list":["post-854","page","type-page","status-publish","hentry"],"_links":{"self":[{"href":"https:\/\/beitia.com.ar\/index.php\/wp-json\/wp\/v2\/pages\/854","targetHints":{"allow":["GET"]}}],"collection":[{"href":"https:\/\/beitia.com.ar\/index.php\/wp-json\/wp\/v2\/pages"}],"about":[{"href":"https:\/\/beitia.com.ar\/index.php\/wp-json\/wp\/v2\/types\/page"}],"author":[{"embeddable":true,"href":"https:\/\/beitia.com.ar\/index.php\/wp-json\/wp\/v2\/users\/1"}],"replies":[{"embeddable":true,"href":"https:\/\/beitia.com.ar\/index.php\/wp-json\/wp\/v2\/comments?post=854"}],"version-history":[{"count":2,"href":"https:\/\/beitia.com.ar\/index.php\/wp-json\/wp\/v2\/pages\/854\/revisions"}],"predecessor-version":[{"id":895,"href":"https:\/\/beitia.com.ar\/index.php\/wp-json\/wp\/v2\/pages\/854\/revisions\/895"}],"up":[{"embeddable":true,"href":"https:\/\/beitia.com.ar\/index.php\/wp-json\/wp\/v2\/pages\/16"}],"wp:attachment":[{"href":"https:\/\/beitia.com.ar\/index.php\/wp-json\/wp\/v2\/media?parent=854"}],"curies":[{"name":"wp","href":"https:\/\/api.w.org\/{rel}","templated":true}]}}