{"id":57,"date":"2020-08-14T12:56:34","date_gmt":"2020-08-14T12:56:34","guid":{"rendered":"http:\/\/beitia.com.ar\/?page_id=57"},"modified":"2020-08-14T22:45:07","modified_gmt":"2020-08-14T22:45:07","slug":"nosotros","status":"publish","type":"page","link":"https:\/\/beitia.com.ar\/index.php\/nosotros\/","title":{"rendered":"Nosotros"},"content":{"rendered":"\t\t<div data-elementor-type=\"wp-page\" data-elementor-id=\"57\" class=\"elementor elementor-57\">\n\t\t\t\t\t\t<section class=\"elementor-section elementor-top-section elementor-element elementor-element-5f28fcdf elementor-section-content-middle elementor-section-boxed elementor-section-height-default elementor-section-height-default\" data-id=\"5f28fcdf\" data-element_type=\"section\" data-e-type=\"section\" data-settings=\"{&quot;background_background&quot;:&quot;classic&quot;}\">\n\t\t\t\t\t\t<div class=\"elementor-container elementor-column-gap-no\">\n\t\t\t\t\t<div class=\"elementor-column elementor-col-100 elementor-top-column elementor-element elementor-element-5c5ef0d6\" data-id=\"5c5ef0d6\" data-element_type=\"column\" data-e-type=\"column\">\n\t\t\t<div class=\"elementor-widget-wrap elementor-element-populated\">\n\t\t\t\t\t\t<div class=\"elementor-element elementor-element-5aaa59b1 elementor-widget elementor-widget-heading\" data-id=\"5aaa59b1\" data-element_type=\"widget\" data-e-type=\"widget\" data-widget_type=\"heading.default\">\n\t\t\t\t<div class=\"elementor-widget-container\">\n\t\t\t\t\t<h4 class=\"elementor-heading-title elementor-size-default\">Un poco de nuestra historia<\/h4>\t\t\t\t<\/div>\n\t\t\t\t<\/div>\n\t\t\t\t<div class=\"elementor-element elementor-element-50cfc680 elementor-widget elementor-widget-text-editor\" data-id=\"50cfc680\" data-element_type=\"widget\" data-e-type=\"widget\" data-widget_type=\"text-editor.default\">\n\t\t\t\t<div class=\"elementor-widget-container\">\n\t\t\t\t\t\t\t\t\t<p><span class=\"textonegro\">En el a\u00f1o 1977, Hugo Dardo Beitia, junto a su esposa Mirta, inician un nuevo emprendimiento, un peque\u00f1o comercio minorista de venta de Forrajes y alimentos Balanceados.<br \/><\/span><\/p><p><span class=\"textonegro\">Con el paso de los a\u00f1os y para satisfacer las nuevas demandas y necesidades de un publico cada vez m\u00e1s exigente, se fueron incorporando productos de diferentes rubros, la mayor\u00eda relacionados directamente con la producci\u00f3n regional. El local ubicado en Avda. San Juan 1322 fue sufriendo continuas modificaciones. <\/span><\/p><p>A pesar de no contar con la presencia de su fundador, fallecido en el a\u00f1o 1999, la empresa siempre se mantuvo en constante crecimiento.<\/p><p>En el a\u00f1o 2001, acompa\u00f1ando el crecimiento de nuestra ciudad, decidimos inaugurar una sucursal en la calle Mendoza 1599, para acercar nuestros productos y servicios a una mayor cantidad de clientes.<\/p><p>A pesar de la crisis reinante en el pa\u00eds, en el a\u00f1o 2002 se encaro un proyecto integral de cambio de imagen que incluy\u00f3 un nuevo logotipo, nuevo Jingle para publicidades y un renovado eslogan que representa el esp\u00edritu de la empresa \u00abBEITIA &#8211; Es lo que crece m\u00e1s natural\u00bb.<\/p><p>En el a\u00f1o 2011, tristemente y a raiz de los vaivenes economicos de nuestro pa\u00eds, se cerr\u00f3 la sucursal de calle Mendoza volviendo a quedar solo nuestro local principal, en calle San Juan 1322.<\/p><p>M\u00e1s adelante, en el a\u00f1o 2016, nos mudamos de nuestra direcci\u00f3n historica de San Juan 1322, al local ubicado en San Juan 1310, justo al lado. Un espacio renovado, con lugar para exhibici\u00f3n de productos en el patio frontal del local, renovado espacio para la atenci\u00f3n al publico y amplios y c\u00f3modos depositos que facilitan la carga y descarga de productos.<br \/>En el mismo a\u00f1o se renov\u00f3 nuestro logo, dise\u00f1o que se mantiene hasta la fecha.<\/p><p>Son muchos y muy variados los motivos por los que Beitia se ha podido consolidar en el mercado local y regional, pero sin dudas algo para destacar es que este desarrollo siempre estuvo supervisado de cerca por sus due\u00f1os, manteniendo siempre su formato de empresa familiar, cuidando al cliente y manteniendo un contacto directo con los mismos. Y por sobre todas las cosas conservando todos los valores con los que fue creada y administrada desde sus comienzos, valores que supieron ser reconocidos por toda la comunidad a trav\u00e9s del apoyo constante que, como consumidores, contin\u00faan brindando al establecimiento.<\/p>\t\t\t\t\t\t\t\t<\/div>\n\t\t\t\t<\/div>\n\t\t\t\t\t<\/div>\n\t\t<\/div>\n\t\t\t\t\t<\/div>\n\t\t<\/section>\n\t\t\t\t<\/div>\n\t\t","protected":false},"excerpt":{"rendered":"<p>Un poco de nuestra historia En el a\u00f1o 1977, Hugo Dardo Beitia, junto a su esposa Mirta, inician un nuevo emprendimiento, un peque\u00f1o comercio minorista de venta de Forrajes y alimentos Balanceados. Con el paso de los a\u00f1os y para satisfacer las nuevas demandas y necesidades de un publico cada vez m\u00e1s exigente, se fueron [&hellip;]<\/p>\n","protected":false},"author":1,"featured_media":0,"parent":0,"menu_order":0,"comment_status":"closed","ping_status":"closed","template":"","meta":{"site-sidebar-layout":"no-sidebar","site-content-layout":"page-builder","ast-site-content-layout":"default","site-content-style":"default","site-sidebar-style":"default","ast-global-header-display":"","ast-banner-title-visibility":"","ast-main-header-display":"","ast-hfb-above-header-display":"","ast-hfb-below-header-display":"","ast-hfb-mobile-header-display":"","site-post-title":"disabled","ast-breadcrumbs-content":"","ast-featured-img":"disabled","footer-sml-layout":"","ast-disable-related-posts":"","theme-transparent-header-meta":"default","adv-header-id-meta":"","stick-header-meta":"","header-above-stick-meta":"","header-main-stick-meta":"","header-below-stick-meta":"","astra-migrate-meta-layouts":"default","ast-page-background-enabled":"default","ast-page-background-meta":{"desktop":{"background-color":"","background-image":"","background-repeat":"repeat","background-position":"center center","background-size":"auto","background-attachment":"scroll","background-type":"","background-media":"","overlay-type":"","overlay-color":"","overlay-opacity":"","overlay-gradient":""},"tablet":{"background-color":"","background-image":"","background-repeat":"repeat","background-position":"center center","background-size":"auto","background-attachment":"scroll","background-type":"","background-media":"","overlay-type":"","overlay-color":"","overlay-opacity":"","overlay-gradient":""},"mobile":{"background-color":"","background-image":"","background-repeat":"repeat","background-position":"center center","background-size":"auto","background-attachment":"scroll","background-type":"","background-media":"","overlay-type":"","overlay-color":"","overlay-opacity":"","overlay-gradient":""}},"ast-content-background-meta":{"desktop":{"background-color":"var(--ast-global-color-5)","background-image":"","background-repeat":"repeat","background-position":"center center","background-size":"auto","background-attachment":"scroll","background-type":"","background-media":"","overlay-type":"","overlay-color":"","overlay-opacity":"","overlay-gradient":""},"tablet":{"background-color":"var(--ast-global-color-5)","background-image":"","background-repeat":"repeat","background-position":"center center","background-size":"auto","background-attachment":"scroll","background-type":"","background-media":"","overlay-type":"","overlay-color":"","overlay-opacity":"","overlay-gradient":""},"mobile":{"background-color":"var(--ast-global-color-5)","background-image":"","background-repeat":"repeat","background-position":"center center","background-size":"auto","background-attachment":"scroll","background-type":"","background-media":"","overlay-type":"","overlay-color":"","overlay-opacity":"","overlay-gradient":""}},"footnotes":""},"class_list":["post-57","page","type-page","status-publish","hentry"],"_links":{"self":[{"href":"https:\/\/beitia.com.ar\/index.php\/wp-json\/wp\/v2\/pages\/57","targetHints":{"allow":["GET"]}}],"collection":[{"href":"https:\/\/beitia.com.ar\/index.php\/wp-json\/wp\/v2\/pages"}],"about":[{"href":"https:\/\/beitia.com.ar\/index.php\/wp-json\/wp\/v2\/types\/page"}],"author":[{"embeddable":true,"href":"https:\/\/beitia.com.ar\/index.php\/wp-json\/wp\/v2\/users\/1"}],"replies":[{"embeddable":true,"href":"https:\/\/beitia.com.ar\/index.php\/wp-json\/wp\/v2\/comments?post=57"}],"version-history":[{"count":5,"href":"https:\/\/beitia.com.ar\/index.php\/wp-json\/wp\/v2\/pages\/57\/revisions"}],"predecessor-version":[{"id":108,"href":"https:\/\/beitia.com.ar\/index.php\/wp-json\/wp\/v2\/pages\/57\/revisions\/108"}],"wp:attachment":[{"href":"https:\/\/beitia.com.ar\/index.php\/wp-json\/wp\/v2\/media?parent=57"}],"curies":[{"name":"wp","href":"https:\/\/api.w.org\/{rel}","templated":true}]}}